{"id":209,"date":"2025-11-14T09:42:02","date_gmt":"2025-11-14T09:42:02","guid":{"rendered":"https:\/\/soil-stabiliser.com\/?post_type=product&#038;p=209"},"modified":"2025-11-25T05:23:00","modified_gmt":"2025-11-25T05:23:00","slug":"thor-3-0-ar-tractor-stone-crusher-machine","status":"publish","type":"product","link":"https:\/\/soil-stabiliser.com\/tr\/urun\/thor-3-0-ar-tractor-stone-crusher-machine\/","title":{"rendered":"THOR 3.0 AR Trakt\u00f6r Ta\u015f K\u0131rma Makinesi"},"content":{"rendered":"<div class=\"container\" style=\"overflow-x: auto;\">\n<h2>Teknik \u00d6zellikler Tablosu<\/h2>\n<table class=\"tech-specs-table\" style=\"color: #666666; font-size: 14px; max-width: 100%; overflow-x: auto;\">\n<thead>\n<tr>\n<th>TEKN\u0130K VER\u0130LER<\/th>\n<th class=\"product-header\">THOR 3.0<\/th>\n<\/tr>\n<\/thead>\n<tbody>\n<tr class=\"group-header\">\n<td colspan=\"2\">Boyutlar<\/td>\n<\/tr>\n<tr>\n<td data-label=\"Length (mm.)\">Uzunluk (mm.)<\/td>\n<td>1732<\/td>\n<\/tr>\n<tr>\n<td data-label=\"Width (mm.)\">Geni\u015flik (mm.)<\/td>\n<td>3000<\/td>\n<\/tr>\n<tr>\n<td data-label=\"Height (mm.)\">Y\u00fckseklik (mm.)<\/td>\n<td>1212<\/td>\n<\/tr>\n<tr>\n<td data-label=\"Weight\">A\u011f\u0131rl\u0131k<\/td>\n<td>2800 kg<\/td>\n<\/tr>\n<tr>\n<td data-label=\"Bottom linkage category\">Alt ba\u011flant\u0131 kategorisi<\/td>\n<td>2<\/td>\n<\/tr>\n<tr>\n<td data-label=\"Working Width\">\u00c7al\u0131\u015fma Geni\u015fli\u011fi<\/td>\n<td>3,0 m<\/td>\n<\/tr>\n<tr class=\"group-header\">\n<td colspan=\"2\">Trakt\u00f6r gereksinimleri<\/td>\n<\/tr>\n<tr>\n<td data-label=\"Engine power (min.)\">Motor g\u00fcc\u00fc (min.)<\/td>\n<td>230 beygir g\u00fcc\u00fc<\/td>\n<\/tr>\n<tr>\n<td data-label=\"Working speed\">\u00c7al\u0131\u015fma h\u0131z\u0131<\/td>\n<td>0,6 \u2013 3 km\/sa<\/td>\n<p><!-- \u6839\u636e\u7cfb\u5217\u5b9e\u9645\u8303\u56f4\u8865\u5145\u5b8c\u6574 --><\/tr>\n<tr>\n<td data-label=\"Required control valves\">Gerekli kontrol vanalar\u0131<\/td>\n<td>2<\/td>\n<\/tr>\n<\/tbody>\n<\/table>\n<\/div>\n<h2>THOR 3.0 AR Trakt\u00f6r Ta\u015f K\u0131rma Makinesine Giri\u015f<\/h2>\n<p>THOR 3.0 AR Trakt\u00f6r Ta\u015f K\u0131rma Makinesi, tar\u0131m ve in\u015faat ekipmanlar\u0131 alan\u0131nda ileri m\u00fchendisli\u011fin bir \u00f6rne\u011fidir. Bu sa\u011flam ta\u015f k\u0131rma makinesi, trakt\u00f6rlerle sorunsuz entegrasyon i\u00e7in \u00f6zel olarak tasarlanm\u0131\u015ft\u0131r ve toprak y\u00fczeylerinden orta b\u00fcy\u00fckl\u00fckteki ta\u015flar\u0131n etkili bir \u015fekilde uzakla\u015ft\u0131r\u0131lmas\u0131n\u0131 sa\u011flar. Topra\u011f\u0131 iyile\u015ftirerek, \u00fcst\u00fcn ekim ko\u015fullar\u0131 ve altyap\u0131 haz\u0131rl\u0131\u011f\u0131 sa\u011flar. Watanabe Hollanda \u015eubesi olarak, g\u00fcvenilir bir makinenin hayati \u00f6nemini vurguluyoruz. <a href=\"https:\/\/soil-stabiliser.com\/tr\/tractor-stone-crusher-machine\/\">trakt\u00f6r ta\u015f k\u0131rma makinesi<\/a> \u00d6zellikle yeni alanlarda arazi temizleme veya mevcut alanlardaki kal\u0131c\u0131 kaya olu\u015fumlar\u0131n\u0131n y\u00f6netimi gibi i\u015flerde operasyonel verimlili\u011fi art\u0131rmada etkilidir. Kompakt boyutlar\u0131 ve \u00f6nemli a\u011f\u0131rl\u0131\u011f\u0131yla bu tar\u0131msal ta\u015f k\u0131r\u0131c\u0131, denge ve manevra kabiliyeti sa\u011flayarak \u00e7e\u015fitli Avrupa arazilerinin gereksinimlerini kar\u015f\u0131lamaktad\u0131r.<\/p>\n<h2><img loading=\"lazy\" decoding=\"async\" class=\"aligncenter\" src=\"https:\/\/soil-stabiliser.com\/wp-content\/uploads\/2025\/11\/Stone-Crusher-Watanabe-Netherlands.webp\" alt=\"THOR 3.0 AR Trakt\u00f6r Ta\u015f K\u0131rma Makinesi\" width=\"800\" height=\"533\" \/><\/h2>\n<h2>Ba\u015fl\u0131ca \u00d6zellikler ve Performans Nitelikleri<\/h2>\n<p>The THOR 3.0 AR Tractor Stone Crusher Machine is distinguished by its high-performance capabilities, tailored for tractors equipped with at least 220-230 horsepower and a PTO operating at 1000 rpm. Its 3.0-meter working width allows for extensive coverage, optimizing time and resources during operations. As a soil preparation machine, it not only crushes rocks but also integrates debris into the soil matrix, promoting enhanced aeration and nutrient availability essential for sustainable practices. The machine’s heavy-duty construction incorporates premium materials resistant to intensive use, positioning it as premier rock crushing equipment suitable for professional applications across Europe.<\/p>\n<p>G\u00fcvenlik \u00f6zellikleri, g\u00fc\u00e7lendirilmi\u015f koruyucu elemanlar ve operat\u00f6rler i\u00e7in riskleri en aza indiren sezgisel kontroller de dahil olmak \u00fczere tasar\u0131m\u0131n\u0131n ayr\u0131lmaz bir par\u00e7as\u0131d\u0131r. Geli\u015fmi\u015f hidrolik sistemler, k\u0131rma derinli\u011fi \u00fczerinde hassas kontrol sa\u011flayarak, y\u00fcksek verimlilik seviyelerini destekleyen tutarl\u0131 toprak iyile\u015ftirmesi sa\u011flar. Tar\u0131msal ba\u011flamlarda, bu trakt\u00f6re monte ta\u015f k\u0131r\u0131c\u0131, zorlu kayal\u0131k alanlar\u0131 verimli ekilebilir araziye d\u00f6n\u00fc\u015ft\u00fcrerek, manuel m\u00fcdahalelere olan ba\u011f\u0131ml\u0131l\u0131\u011f\u0131 azalt\u0131r ve haz\u0131rl\u0131k s\u00fcre\u00e7lerini h\u0131zland\u0131r\u0131r. \u0130n\u015faat senaryolar\u0131nda ise, uygun fiyatl\u0131 bir trakt\u00f6r ta\u015f k\u0131r\u0131c\u0131 olarak hizmet vererek, kalite standartlar\u0131ndan \u00f6d\u00fcn vermeden uygun maliyetli agrega i\u015fleme olana\u011f\u0131 sunar.<\/p>\n<p><img loading=\"lazy\" decoding=\"async\" class=\"aligncenter\" src=\"https:\/\/soil-stabiliser.com\/wp-content\/uploads\/2025\/11\/Stone-Crusher-working.webp\" alt=\"THOR 3.0 AR Trakt\u00f6r Ta\u015f K\u0131rma Makinesi uygulamas\u0131\" width=\"800\" height=\"600\" \/><\/p>\n<p>The eco-friendly aspects of the THOR 3.0 AR further enhance its appeal, with optimized fuel efficiency at variable speeds contributing to reduced environmental impact. This versatility extends to forestry applications, where the heavy-duty stone crusher facilitates terrain management. Overall, the machine’s tractor-compatible designs ensure broad accessibility, catering to users ranging from individual farmers to large-scale contractors in the European market.<\/p>\n<h2>Pratik Uygulamalar ve Vaka \u00c7al\u0131\u015fmalar\u0131<\/h2>\n<p>THOR 3.0 AR Trakt\u00f6r Ta\u015f K\u0131rma Makinesinin yetkin uygulamas\u0131n\u0131 vurgulamak i\u00e7in, etkinli\u011fini g\u00f6steren \u00e7e\u015fitli ger\u00e7ek d\u00fcnya \u00f6rnekleri sunulmaktad\u0131r. Hollanda'da orta \u00f6l\u00e7ekli bir patates yeti\u015ftirme i\u015fletmesinden bir \u00f6rnekte, tar\u0131msal ta\u015f k\u0131rma makinesi kayal\u0131k alanlar\u0131 temizlemek i\u00e7in kullan\u0131lm\u0131\u015f ve ekimden \u00f6nce toprak engellerinde 40%'ye kadar azalma sa\u011flanm\u0131\u015ft\u0131r. Son toprak iyile\u015ftirmesi i\u00e7in rotavat\u00f6rler gibi yard\u0131mc\u0131 aletlerle birle\u015ftirildi\u011finde, bu y\u00f6ntem ideal tohum yata\u011f\u0131 ortamlar\u0131 olu\u015fturmu\u015f, sonu\u00e7 olarak \u00fcr\u00fcn verimini art\u0131rm\u0131\u015f ve bak\u0131m giderlerini d\u00fc\u015f\u00fcrm\u00fc\u015ft\u00fcr. Bu t\u00fcr sonu\u00e7lar, Avrupa'daki en iyi trakt\u00f6r ta\u015f k\u0131rma makinesinin tar\u0131msal verimlilikte somut iyile\u015ftirmeler sa\u011flayabilece\u011fini vurgulamaktad\u0131r.<\/p>\n<p><iframe loading=\"lazy\" title=\"TRITURADOR DE PEDRAS - THOR\" width=\"1080\" height=\"608\" src=\"https:\/\/www.youtube.com\/embed\/-UdyciMqGIw?feature=oembed\"  allow=\"accelerometer; autoplay; clipboard-write; encrypted-media; gyroscope; picture-in-picture; web-share\" referrerpolicy=\"strict-origin-when-cross-origin\" allowfullscreen><\/iframe><\/p>\n<p>A second case pertains to infrastructure development during a highway extension in Belgium. Here, contractors leveraged the stone crusher machine to handle on-site materials, creating fortified base layers with superior structural integrity. This process, augmented by rock rakes for efficient debris clearance, accelerated project timelines while curbing material procurement costs. The integration exemplifies the machine’s contribution to durable infrastructure, aligning with Watanabe Netherlands’ standards for reliability and technical proficiency.<\/p>\n<p>\u0130skandinav ormanc\u0131l\u0131k giri\u015fiminin \u00fc\u00e7\u00fcnc\u00fc bir senaryosunda, \u00f6n kaya par\u00e7alama i\u00e7in ta\u015f k\u0131rma makinesi ve y\u00fczey d\u00fczeltme i\u00e7in toprak stabilizat\u00f6rlerini i\u00e7eren ekipman paketi, a\u011fa\u00e7 kesiminin ard\u0131ndan kapsaml\u0131 saha rehabilitasyonunu destekledi. Bu, yeniden a\u011fa\u00e7land\u0131rma \u00e7abalar\u0131na elveri\u015fli toprak restorasyonunu kolayla\u015ft\u0131rarak, operasyonel verimlili\u011fin yan\u0131 s\u0131ra ekolojik s\u00fcrd\u00fcr\u00fclebilirli\u011fi de ilerletti. Do\u011frulanm\u0131\u015f kullan\u0131c\u0131 uygulamalar\u0131ndan elde edilen bu belgelenmi\u015f \u00f6rnekler, yenilik\u00e7i makine \u00e7\u00f6z\u00fcmlerine olan uzun s\u00fcreli ba\u011fl\u0131l\u0131\u011f\u0131m\u0131zla tutarl\u0131 olarak, THOR 3.0 AR'nin sahip oldu\u011fu uzmanl\u0131\u011f\u0131 do\u011frulamaktad\u0131r.<\/p>\n<h2>Kapsaml\u0131 Destek ve Garanti H\u00fck\u00fcmleri<\/h2>\n<p>The THOR 3.0 AR Tractor Stone Crusher Machine is complemented by Watanabe’s extensive support framework. As a versatile tractor stone crusher machine for agriculture, it includes detailed instructional resources outlining abnormality diagnostics, maintenance regimens, operational protocols, safety directives, and longevity-enhancing recommendations. We advocate exclusively for genuine replacement components to uphold warranty entitlements and preserve operational efficacy.<\/p>\n<p>Bayi a\u011f\u0131m\u0131z arac\u0131l\u0131\u011f\u0131yla teknik deste\u011fe kolayca ula\u015f\u0131labilir; karma\u015f\u0131k \u00e7\u00f6z\u00fcmler i\u00e7in fabrika uzmanlar\u0131na y\u00f6nlendirme imkan\u0131 da mevcuttur. Standart \u00fc\u00e7 ayl\u0131k garanti, teslimat faturas\u0131n\u0131n d\u00fczenlenmesinden itibaren ba\u015flar ve sat\u0131n alma belgelerinin ve garanti belgesinin ibraz edilmesini gerektirir. Garanti kapsam\u0131na girebilmek i\u00e7in zaman\u0131nda ar\u0131za bildirimi, garanti ba\u015flat\u0131lmas\u0131 i\u00e7in kan\u0131t niteli\u011finde destek, de\u011ferlendirme s\u00fcrelerine izin verilmesi ve \u00f6ng\u00f6r\u00fclen bak\u0131m programlar\u0131na uyulmas\u0131 gerekmektedir. Bu titiz \u00e7er\u00e7eve, g\u00fcvenilirli\u011fi destekleyerek her ta\u015f k\u0131rma makinesinin y\u00fcksek kalite standartlar\u0131na uymas\u0131n\u0131 sa\u011flar.<\/p>\n<h2>Watanabe Hollanda \u015eubesi Hakk\u0131nda: Uzmanl\u0131k ve G\u00fcvenilirli\u011fin Temel Ta\u015f\u0131<\/h2>\n<p><img loading=\"lazy\" decoding=\"async\" class=\"wp-image-161 aligncenter\" src=\"https:\/\/soil-stabiliser.com\/wp-content\/uploads\/2025\/11\/Watanabe-Netherlands-factory-1-e1763099580531.webp\" alt=\"Watanabe Hollanda fabrikas\u0131\" width=\"800\" height=\"523\" \/><\/p>\n<p>Watanabe Industry and Machine Trade Ltd.'nin bir uzant\u0131s\u0131 olan Watanabe Hollanda \u015eubesi, Avrupa pazar\u0131na makine tedarikinde elli y\u0131l\u0131 a\u015fk\u0131n s\u00fcredir uzmanla\u015fm\u0131\u015f bir bilgi birikimi sunmaktad\u0131r. Brezilya miras\u0131m\u0131zdan yola \u00e7\u0131karak, \u00fcst\u00fcn ekipman tedarik\u00e7isi olarak olgunla\u015ft\u0131k ve yarat\u0131c\u0131l\u0131\u011f\u0131, m\u00fc\u015fteri odakl\u0131 deste\u011fi ve \u00e7evre bilincine sahip y\u00f6ntemleri \u00f6nceliklendirdik. \u00dcr\u00fcn yelpazemizde THOR 3.0 AR \u00f6ne \u00e7\u0131kmaktad\u0131r. <a href=\"https:\/\/soil-stabiliser.com\/tr\/\">Trakt\u00f6r Ta\u015f K\u0131rma Makinesi<\/a>Sa\u011flam bir sat\u0131\u015f sonras\u0131 altyap\u0131 ile desteklenen bu sistem, teknik destek, orijinal bile\u015fen temini, garanti g\u00fcvenceleri ve bak\u0131m talimatlar\u0131n\u0131 i\u00e7ermektedir. \u00dcst\u00fcnl\u00fc\u011fe olan bu sars\u0131lmaz odaklanma, tar\u0131m, in\u015faat ve ormanc\u0131l\u0131k alanlar\u0131ndaki uzmanlar aras\u0131nda be\u011feni toplam\u0131\u015f, kan\u0131tlanm\u0131\u015f ba\u015far\u0131lar ve m\u00fchendislik becerisine dayal\u0131 kal\u0131c\u0131 ortakl\u0131klar geli\u015ftirmi\u015ftir.<\/p>\n<ul>\n<li class=\"quote\">“The tractor stone crusher from Watanabe handled our rocky fields without much hassle, and their support gave quick advice.” \u2013 Farmer from Amsterdam, Netherlands.<\/li>\n<li class=\"quote\">“The heavy-duty design of this stone crusher for tractor made land prep straightforward on our site.” \u2013 Contractor from Rotterdam, Netherlands.<\/li>\n<li class=\"quote\">“I was impressed with how it integrated with the soil stabilizer; the maintenance tips helped keep things running fine.” \u2013 Operator from Brussels, Belgium.<\/li>\n<li class=\"quote\">“It did a solid job in forestry clearing, and the warranty put our minds at ease.” \u2013 Manager from Berlin, Germany.<\/li>\n<li class=\"quote\">“Decent value for construction projects; the technical help was easy and useful.” \u2013 Engineer from Paris, France.<\/li>\n<\/ul>\n<p>&nbsp;<\/p>","protected":false},"excerpt":{"rendered":"<p dir=\"auto\">THOR 3.0 AR Trakt\u00f6r Ta\u015f K\u0131rma Makinesi, tar\u0131m ve in\u015faat uygulamalar\u0131nda ta\u015f k\u0131rma ve toprak iyile\u015ftirme i\u00e7in g\u00fc\u00e7l\u00fc bir performans sunar. 220-230 hp ve 1000 rpm PTO'ya sahip trakt\u00f6rler i\u00e7in tasarlanan bu makine, 3,0 m \u00e7al\u0131\u015fma geni\u015fli\u011fi, 0,6 ila 3 km\/sa \u00e7al\u0131\u015fma h\u0131zlar\u0131 ve \u00e7e\u015fitli Avrupa arazilerinde verimli arazi haz\u0131rl\u0131\u011f\u0131, azalt\u0131lm\u0131\u015f a\u015f\u0131nma ve art\u0131r\u0131lm\u0131\u015f verimlilik sa\u011flamak i\u00e7in dayan\u0131kl\u0131 2800 kg'l\u0131k bir yap\u0131ya sahiptir.<\/p>","protected":false},"featured_media":212,"comment_status":"open","ping_status":"closed","template":"","meta":{"_et_pb_use_builder":"","_et_pb_old_content":"","_et_gb_content_width":""},"product_brand":[],"product_cat":[19],"product_tag":[20],"class_list":{"0":"post-209","1":"product","2":"type-product","3":"status-publish","4":"has-post-thumbnail","6":"product_cat-stone-crusher","7":"product_tag-stone-crusher","9":"first","10":"instock","11":"shipping-taxable","12":"product-type-simple"},"_links":{"self":[{"href":"https:\/\/soil-stabiliser.com\/tr\/wp-json\/wp\/v2\/product\/209","targetHints":{"allow":["GET"]}}],"collection":[{"href":"https:\/\/soil-stabiliser.com\/tr\/wp-json\/wp\/v2\/product"}],"about":[{"href":"https:\/\/soil-stabiliser.com\/tr\/wp-json\/wp\/v2\/types\/product"}],"replies":[{"embeddable":true,"href":"https:\/\/soil-stabiliser.com\/tr\/wp-json\/wp\/v2\/comments?post=209"}],"wp:featuredmedia":[{"embeddable":true,"href":"https:\/\/soil-stabiliser.com\/tr\/wp-json\/wp\/v2\/media\/212"}],"wp:attachment":[{"href":"https:\/\/soil-stabiliser.com\/tr\/wp-json\/wp\/v2\/media?parent=209"}],"wp:term":[{"taxonomy":"product_brand","embeddable":true,"href":"https:\/\/soil-stabiliser.com\/tr\/wp-json\/wp\/v2\/product_brand?post=209"},{"taxonomy":"product_cat","embeddable":true,"href":"https:\/\/soil-stabiliser.com\/tr\/wp-json\/wp\/v2\/product_cat?post=209"},{"taxonomy":"product_tag","embeddable":true,"href":"https:\/\/soil-stabiliser.com\/tr\/wp-json\/wp\/v2\/product_tag?post=209"}],"curies":[{"name":"wp","href":"https:\/\/api.w.org\/{rel}","templated":true}]}}