{"id":146,"date":"2025-11-14T07:31:50","date_gmt":"2025-11-14T07:31:50","guid":{"rendered":"https:\/\/soil-stabiliser.com\/?page_id=146"},"modified":"2025-11-14T07:33:28","modified_gmt":"2025-11-14T07:33:28","slug":"about-us","status":"publish","type":"page","link":"https:\/\/soil-stabiliser.com\/ko\/about-us\/","title":{"rendered":"\uc6b0\ub9ac\uc5d0 \ub300\ud558\uc5ec"},"content":{"rendered":"<p>[et_pb_section fb_built=”1″ specialty=”on” custom_padding_last_edited=”on|desktop” padding_top_1=”0px” padding_2_tablet=”|||10vw” padding_2_phone=”” padding_2_last_edited=”on|tablet” admin_label=”Header” _builder_version=”4.27.4″ background_color=”#eaeaf1″ inner_width=”100%” inner_max_width=”100%” custom_padding=”0px|2vw|1px|||” custom_padding_tablet=”|||” custom_padding_phone=”” locked=”off” global_colors_info=”{}”][et_pb_column type=”1_2″ _builder_version=”4.16″ custom_padding=”|||” global_colors_info=”{}” custom_padding__hover=”|||”][et_pb_image src=”https:\/\/soil-stabiliser.com\/wp-content\/uploads\/2025\/11\/mechanic-73.png” alt=”Watanabe Netherlands factory” title_text=”Watanabe Netherlands factory” align_tablet=”center” align_phone=”center” align_last_edited=”on|desktop” _builder_version=”4.27.4″ background_image=”https:\/\/soil-stabiliser.com\/wp-content\/uploads\/2025\/11\/Watanabe-Netherlands-factory-1-e1763099580531.webp” parallax=”on” custom_margin=”|-50vw||” custom_margin_tablet=”|0vw||” custom_margin_phone=”” custom_margin_last_edited=”on|desktop” locked=”off” global_colors_info=”{}”][\/et_pb_image][\/et_pb_column][et_pb_column type=”1_2″ specialty_columns=”2″ _builder_version=”4.16″ custom_padding=”|||” global_colors_info=”{}” custom_padding__hover=”|||”][et_pb_row_inner custom_padding_last_edited=”on|phone” _builder_version=”4.16″ background_color=”#f71635″ max_width=”600px” custom_margin=”10vw|||” custom_margin_tablet=”-40vw||” custom_margin_phone=”” custom_margin_last_edited=”on|tablet” custom_padding=”80px|60px|80px|60px|true|false” custom_padding_tablet=”60px|50px|60px|50px|true|true” custom_padding_phone=”50px|||40px” box_shadow_style=”preset2″ box_shadow_vertical=”28px” box_shadow_blur=”40px” box_shadow_color=”rgba(0,0,0,0.1)” global_colors_info=”{}”][et_pb_column_inner saved_specialty_column_type=”1_2″ _builder_version=”4.16″ custom_padding=”|||” global_colors_info=”{}” custom_padding__hover=”|||”][et_pb_text _builder_version=”4.27.4″ text_font=”||||||||” header_font=”Khand|700||on|||||” header_font_size=”55px” background_layout=”dark” header_font_size_tablet=”60px” header_font_size_phone=”40px” header_font_size_last_edited=”on|phone” locked=”off” global_colors_info=”{}”]<\/p>\n<h1>\uc65c \uc640\ud0c0\ub098\ubca0 \ub124\ub35c\ub780\ub4dc\ub97c \uc120\ud0dd\ud574\uc57c \ud558\ub098\uc694?<\/h1>\n<p>[\/et_pb_text][et_pb_divider color=”#ffffff” divider_style=”double” divider_weight=”10px” _builder_version=”4.16″ transform_skew=”-20deg|0deg” max_width=”100px” height=”10px” locked=”off” global_colors_info=”{}”][\/et_pb_divider][et_pb_text _builder_version=”4.16″ text_font=”|600|||||||” text_line_height=”2em” background_layout=”dark” locked=”off” global_colors_info=”{}”]<\/p>\n<p dir=\"auto\">\uc65c \uc640\ud0c0\ub098\ubca0 \ub124\ub35c\ub780\ub4dc\ub97c \uc120\ud0dd\ud574\uc57c \ud560\uae4c\uc694? \uc640\ud0c0\ub098\ubca0 \uc0b0\uc5c5 \ubc0f \uae30\uacc4 \ubb34\uc5ed \uc720\ud55c\ud68c\uc0ac(Watanabe Industry and Machine Trade Ltd.)\uc758 \uc804\ubb38 \uc790\ud68c\uc0ac\ub85c\uc11c, \uc800\ud76c\ub294 \uc720\ub7fd \uc804\uc5ed\uc758 \ub18d\uc5c5, \uac74\uc124 \ubc0f \uc784\uc5c5 \ubd84\uc57c\uc5d0 \ud2b9\ud654\ub41c \ub2e4\uc7ac\ub2e4\ub2a5\ud558\uace0 \uace0\uc131\ub2a5\uc758 \uae30\uacc4\ub97c \uc81c\uacf5\ud558\ub294 \ub370 \uc788\uc5b4 50\ub144 \uc774\uc0c1\uc758 \uc804\ubb38\uc131\uc744 \ubcf4\uc720\ud558\uace0 \uc788\uc2b5\ub2c8\ub2e4. \ud601\uc2e0\uacfc \uace0\uac1d \uc911\uc2ec \uc194\ub8e8\uc158\uc744 \ud5a5\ud55c \uc800\ud76c\uc758 \ud5cc\uc2e0\uc740 \ud2b8\ub799\ud130\uc6a9 \uc11d\uc7ac \ud30c\uc1c4\uae30, \ud1a0\uc591 \uc548\uc815\ud654 \uae30\uacc4, \uc554\uc11d \uac08\ud034, \uc554\uc11d \ucc44\uc9d1\uae30, \ud68c\uc804\uc2dd \ub85c\ud0c0\ubca0\uc774\ud130, \uadf8\ub9ac\uace0 \ub2e4\uc591\ud55c \uac10\uc790 \uae30\uacc4 \uc81c\ud488\uad70\uacfc \uac19\uc740 \uc2e0\ub8b0\ud560 \uc218 \uc788\ub294 \uc7a5\ube44\ub97c \ubcf4\uc7a5\ud569\ub2c8\ub2e4. \ubaa8\ub4e0 \uc7a5\ube44\ub294 \uae30\uc220 \uc9c0\uc6d0, \uc815\ud488 \uc608\ube44 \ubd80\ud488 \uacf5\uae09, \ud45c\uc900 3\uac1c\uc6d4 \ubcf4\uc99d, \uc0ac\uc6a9 \uc124\uba85\uc11c, \uace0\uac1d \uc9c0\uc6d0, \uadf8\ub9ac\uace0 \uc7a5\ube44 \uc218\uba85 \uc5f0\uc7a5 \ubc0f \uc6b4\uc601 \ud6a8\uc728\uc131 \ud5a5\uc0c1\uc744 \uc704\ud55c \uc720\uc9c0\ubcf4\uc218 \uc9c0\uce68\uc744 \ud3ec\ud568\ud55c \ud3ec\uad04\uc801\uc778 \uc560\ud504\ud130\uc11c\ube44\uc2a4\ub97c \uc81c\uacf5\ud569\ub2c8\ub2e4.<\/p>\n<p>[\/et_pb_text][\/et_pb_column_inner][\/et_pb_row_inner][\/et_pb_column][\/et_pb_section][et_pb_section fb_built=”1″ admin_label=”Video” _builder_version=”4.16″ background_color=”#eaeaf1″ custom_padding=”||0px|||” global_colors_info=”{}”][et_pb_row column_structure=”1_3,2_3″ _builder_version=”4.16″ width=”90%” max_width=”1800px” module_alignment=”right” custom_padding=”|||||” use_custom_width=”on” locked=”off” global_colors_info=”{}”][et_pb_column type=”1_3″ _builder_version=”4.16″ custom_padding=”100px||40px|” global_colors_info=”{}” custom_padding__hover=”|||”][et_pb_text _builder_version=”4.27.4″ header_font=”||||||||” header_2_font=”Khand|700||on|||||” header_2_font_size=”60px” header_2_line_height=”1.2em” custom_margin_tablet=”0px|||10vw” custom_margin_last_edited=”off|phone” header_2_font_size_tablet=”40px” header_2_font_size_phone=”30px” header_2_font_size_last_edited=”on|desktop” locked=”off” global_colors_info=”{}”]<\/p>\n<h2>\uc6b0\ub9ac\uc758 \uc5ed\uc0ac<\/h2>\n<p>[\/et_pb_text][et_pb_divider color=”#f71635″ divider_style=”double” divider_weight=”10px” _builder_version=”4.16″ transform_skew=”-20deg|0deg” max_width=”100px” height=”10px” locked=”off” global_colors_info=”{}”][\/et_pb_divider][et_pb_text _builder_version=”4.27.4″ text_font=”|600|||||||” text_font_size=”16px” text_line_height=”1.8em” header_font=”||||||||” header_2_font=”Khand|700||on|||||” header_2_font_size=”30px” header_2_line_height=”1.2em” custom_margin_tablet=”|||60vw” custom_margin_last_edited=”off|phone” custom_padding=”||0px|||” header_2_font_size_tablet=”20px” header_2_font_size_phone=”18px” header_2_font_size_last_edited=”on|phone” locked=”off” global_colors_info=”{}”]<\/p>\n<p dir=\"auto\">\uc640\ud0c0\ub098\ubca0\uc758 \ubc1c\uc804 \uc5ed\uc0ac\ub294 1970\ub144 \ube0c\ub77c\uc9c8 \uce74\uc2a4\ud2b8\ub85c-\ud504\ub974\uc5d0\uc11c \uc124\ub9bd\uc790 \ud788\ud1a0\uc2dc \uc640\ud0c0\ub098\ubca0 \uc528\uac00 \ud558\uce20\ud0c0(Hatsuta) \uacf5\uc778 \ubd84\ubb34\uae30 \ud310\ub9e4\uc810\uc73c\ub85c \uc0ac\uc5c5\uc744 \uc2dc\uc791\ud558\uba74\uc11c \uc2dc\uc791\ub418\uc5c8\uc2b5\ub2c8\ub2e4. \ub18d\ubd80\ub4e4\uacfc \uae34\ubc00\ud788 \ud611\ub825\ud558\uc5ec \ucd5c\ucd08\uc758 2\uc904 \uac10\uc790 \uc218\ud655\uae30\ub97c \uac1c\ubc1c\ud588\uc2b5\ub2c8\ub2e4. 1976\ub144, \uc774 \ud68c\uc0ac\uc758 \uc131\uacf5\uc5d0 \ud798\uc785\uc5b4 \uac10\uc790 \ub18d\uae30\uad6c \uc804\ubb38 \uacf5\uc7a5\uc744 \uc124\ub9bd\ud588\uc2b5\ub2c8\ub2e4. 1983\ub144 \uadf8\uac00 \uc138\uc0c1\uc744 \ub5a0\ub09c \ud6c4, \uadf8\uc758 \uac00\uc871\uc774 \uc0ac\uc5c5\uc744 \uc774\uc5b4\uac14\uc2b5\ub2c8\ub2e4. 1984\ub144 \uc640\ud0c0\ub098\ubca0 \ub9c8\ud034\ub098\uc2a4 \uc544\uadf8\ub9ac\ucf5c\ub77c\uc2a4 \uc778\ub450\uc2a4\ud2b8\ub9ac\uc544 \uc774 \ucf54\uba54\ub974\uc2dc\uc624(Watanabe M\u00e1quinas Agr\u00edcolas Ind\u00fastria e Com\u00e9rcio Ltda.)\ub85c \uc0ac\uba85\uc744 \ubcc0\uacbd\ud55c \ud6c4 \uba74\ud654, \uc0ac\ud0d5\uc218\uc218, \uc784\uc5c5, \ud1a0\uc591 \uc815\ud654, \uc790\uc7ac \ucde8\uae09 \ub4f1\uc73c\ub85c \uc0ac\uc5c5\uc744 \ud655\uc7a5\ud588\uc2b5\ub2c8\ub2e4. 2009\ub144\uc5d0\ub294 \uc640\ud0c0\ub098\ubca0 \uc0b0\uc5c5 \ubc0f \uae30\uacc4 \ubb34\uc5ed(Watanabe Industry and Machine Trade Ltd.)\uc73c\ub85c \uc0ac\uba85\uc744 \ubcc0\uacbd\ud558\uc5ec \ub2e4\ubd80\ubb38 \uc0ac\uc5c5\uc744 \uac15\ud654\ud588\uc2b5\ub2c8\ub2e4. \uc624\ub298\ub0a0 \ub124\ub35c\ub780\ub4dc \uc9c0\uc0ac\ub294 \uace0\uc131\ub2a5 \uae30\uacc4 \uc194\ub8e8\uc158\uc744 \ud1b5\ud574 \uc774\ub7ec\ud55c \uc804\ud1b5\uc744 \uc720\ub7fd\uc73c\ub85c \ud655\uc7a5\ud558\uace0 \uc788\uc2b5\ub2c8\ub2e4.<\/p>\n<p>[\/et_pb_text][\/et_pb_column][et_pb_column type=”2_3″ _builder_version=”4.16″ custom_padding=”|||” global_colors_info=”{}” custom_padding__hover=”|||”][et_pb_image src=”https:\/\/soil-stabiliser.com\/wp-content\/uploads\/2025\/11\/mechanic-63.png” align=”right” align_tablet=”center” align_phone=”center” align_last_edited=”on|desktop” _builder_version=”4.16″ max_height=”100px” custom_margin=”||-1px|||” global_colors_info=”{}”][\/et_pb_image][et_pb_video src=”https:\/\/soil-stabiliser.com\/wp-content\/uploads\/2025\/11\/20251113_143043.mp4″ _builder_version=”4.27.4″ box_shadow_style=”preset2″ box_shadow_vertical=”28px” box_shadow_blur=”40px” box_shadow_color=”rgba(0,0,0,0.1)” global_colors_info=”{}”][\/et_pb_video][\/et_pb_column][\/et_pb_row][\/et_pb_section][et_pb_section fb_built=”1″ admin_label=”Gallery” _builder_version=”4.16″ background_color=”#eaeaf1″ background_image=”https:\/\/soil-stabiliser.com\/wp-content\/uploads\/2025\/11\/mechanic-19.png” background_size=”initial” background_position=”bottom_right” custom_padding=”0px|0px|0|0px|false|false” global_colors_info=”{}”][et_pb_row column_structure=”1_3,1_3,1_3″ _builder_version=”4.16″ global_colors_info=”{}”][et_pb_column type=”1_3″ _builder_version=”4.16″ custom_padding=”|||” global_colors_info=”{}” custom_padding__hover=”|||”][et_pb_image src=”https:\/\/soil-stabiliser.com\/wp-content\/uploads\/2025\/11\/rock-rake-working-Watanabe-Netherlands.webp” align_tablet=”center” align_phone=”center” align_last_edited=”on|desktop” _builder_version=”4.27.4″ box_shadow_style=”preset2″ box_shadow_vertical=”28px” box_shadow_blur=”40px” box_shadow_color=”rgba(0,0,0,0.1)” global_colors_info=”{}”][\/et_pb_image][\/et_pb_column][et_pb_column type=”1_3″ _builder_version=”4.16″ custom_padding=”|||” global_colors_info=”{}” custom_padding__hover=”|||”][et_pb_image src=”https:\/\/soil-stabiliser.com\/wp-content\/uploads\/2025\/11\/potatos-machinery-working-Watanabe-Netherlands.webp” align_tablet=”center” align_phone=”center” align_last_edited=”on|desktop” _builder_version=”4.27.4″ box_shadow_style=”preset2″ box_shadow_vertical=”28px” box_shadow_blur=”40px” box_shadow_color=”rgba(0,0,0,0.1)” global_colors_info=”{}”][\/et_pb_image][\/et_pb_column][et_pb_column type=”1_3″ _builder_version=”4.16″ custom_padding=”|||” global_colors_info=”{}” custom_padding__hover=”|||”][et_pb_image src=”https:\/\/soil-stabiliser.com\/wp-content\/uploads\/2025\/11\/rock-pickers-working-Watanabe-Netherlands.webp” align_tablet=”center” align_phone=”center” align_last_edited=”on|desktop” _builder_version=”4.27.4″ box_shadow_style=”preset2″ box_shadow_vertical=”28px” box_shadow_blur=”40px” box_shadow_color=”rgba(0,0,0,0.1)” global_colors_info=”{}”][\/et_pb_image][\/et_pb_column][\/et_pb_row][et_pb_row _builder_version=”4.16″ custom_margin=”10vw||” global_colors_info=”{}”][et_pb_column type=”4_4″ _builder_version=”4.16″ custom_padding=”|||” global_colors_info=”{}” custom_padding__hover=”|||”][et_pb_text _builder_version=”4.16″ header_font=”||||||||” header_2_font=”Khand|700||on|||||” header_2_font_size=”60px” header_2_line_height=”1.2em” max_width=”400px” custom_margin_tablet=”0px|||10vw” custom_margin_phone=”” custom_margin_last_edited=”on|phone” header_2_font_size_tablet=”40px” header_2_font_size_phone=”30px” header_2_font_size_last_edited=”on|desktop” global_colors_info=”{}”]<\/p>\n<h2>\uc6b0\ub9ac\uac00 \ud558\ub294 \uc77c<\/h2>\n<p>[\/et_pb_text][et_pb_divider color=”#f71635″ divider_style=”double” divider_weight=”10px” _builder_version=”4.16″ transform_skew=”-20deg|0deg” max_width=”100px” height=”10px” locked=”off” global_colors_info=”{}”][\/et_pb_divider][\/et_pb_column][\/et_pb_row][\/et_pb_section][et_pb_section fb_built=”1″ specialty=”on” padding_top_1=”0px” padding_top_2=”100px” padding_bottom_1=”0px” padding_2_tablet=”0px|||10vw” padding_2_phone=”” padding_2_last_edited=”on|tablet” admin_label=”What We Do” _builder_version=”4.16″ background_color=”#021827″ inner_width=”100%” inner_max_width=”100%” custom_margin=”0px||0px” custom_padding=”0px|10vw|0px|||” use_custom_width=”on” width_unit=”off” custom_width_percent=”100%” global_colors_info=”{}”][et_pb_column type=”1_2″ _builder_version=”4.16″ custom_padding=”|||” global_colors_info=”{}” custom_padding__hover=”|||”][et_pb_image src=”https:\/\/soil-stabiliser.com\/wp-content\/uploads\/2025\/11\/mechanic-84.png” align=”right” force_fullwidth=”on” _builder_version=”4.27.4″ background_image=”https:\/\/soil-stabiliser.com\/wp-content\/uploads\/2025\/11\/Stone-Crusher-working.webp” background_position=”center_right” background_horizontal_offset=”-20%” max_width_tablet=”60%” max_width_last_edited=”off|desktop” max_height_tablet=”none” max_height_phone=”” max_height_last_edited=”on|tablet” custom_margin=”0px||0px” always_center_on_mobile=”off” global_colors_info=”{}”][\/et_pb_image][\/et_pb_column][et_pb_column type=”1_2″ specialty_columns=”2″ _builder_version=”4.16″ custom_padding=”|||” global_colors_info=”{}” custom_padding__hover=”|||”][et_pb_row_inner _builder_version=”4.16″ max_width=”520px” global_colors_info=”{}”][et_pb_column_inner saved_specialty_column_type=”1_2″ _builder_version=”4.16″ custom_padding=”|||” global_colors_info=”{}” custom_padding__hover=”|||”][et_pb_text _builder_version=”4.16″ text_font=”|600|||||||” text_line_height=”2em” background_layout=”dark” global_colors_info=”{}”]<\/p>\n<p dir=\"auto\">\uc640\ud0c0\ub098\ubca0 \ub124\ub35c\ub780\ub4dc \uc9c0\uc0ac\ub294 \uc720\ub7fd \uc804\uc5ed\uc758 \ub18d\uc5c5, \uac74\uc124 \ubc0f \uc784\uc5c5 \uc0ac\uc5c5\uc5d0 \ud544\uc694\ud55c \ucca8\ub2e8 \uae30\uacc4 \uc194\ub8e8\uc158\uc744 \uc81c\uacf5\ud558\ub294 \ub370 \ud2b9\ud654\ub418\uc5b4 \uc788\uc2b5\ub2c8\ub2e4. \ub2f9\uc0ac\uc758 \ud575\uc2ec \uc81c\ud488\uad70\uc5d0\ub294 \ud2b8\ub799\ud130\uc6a9 \uace0\uc131\ub2a5 \uc11d\uc7ac \ud30c\uc1c4\uae30 \ubc0f \ud1a0\uc591 \uc548\uc815\ud654 \uae30\uacc4\uac00 \uc788\uc73c\uba70, \uc5ec\uae30\uc5d0 \ub85d \ub808\uc774\ud06c, \ub85d \ud53c\ucee4, \ub85c\ud0c0\ubca0\uc774\ud130, \uadf8\ub9ac\uace0 \uac10\uc790 \uae30\uacc4 \uc804\uccb4 \uc81c\ud488\uad70\uc774 \ud3ec\ud568\ub429\ub2c8\ub2e4. \ud601\uc2e0\uc801\uc778 \uc7a5\ube44 \uc124\uacc4\ub97c \ud1b5\ud574 \uc0dd\uc0b0\uc131 \ud5a5\uc0c1\uc5d0 \uc8fc\ub825\ud558\ub294 \ub3d9\uc2dc\uc5d0, \ucd5c\uc801\uc758 \uc131\ub2a5\uacfc \uc218\uba85\uc744 \ubcf4\uc7a5\ud558\uae30 \uc704\ud574 \uae30\uc220 \uc9c0\uc6d0, \uc21c\uc815 \ubd80\ud488, \uc720\uc9c0\ubcf4\uc218 \uc548\ub0b4 \ub4f1 \ud0c4\ud0c4\ud55c \uc560\ud504\ud130\uc11c\ube44\uc2a4\ub97c \uc81c\uacf5\ud569\ub2c8\ub2e4.<\/p>\n<p>[\/et_pb_text][\/et_pb_column_inner][\/et_pb_row_inner][et_pb_row_inner column_structure=”1_2,1_2″ _builder_version=”4.16″ max_width=”520px” global_colors_info=”{}”][et_pb_column_inner type=”1_2″ saved_specialty_column_type=”1_2″ _builder_version=”4.16″ custom_padding=”|||” global_colors_info=”{}” custom_padding__hover=”|||”][et_pb_blurb title=”Technical Assistance” use_icon=”on” font_icon=”||fa||900″ icon_color=”#f71635″ icon_placement=”left” image_icon_width=”40px” _builder_version=”4.27.4″ header_font=”|700||on|||||” header_font_size=”14px” header_letter_spacing=”2px” header_line_height=”2em” text_orientation=”center” background_layout=”dark” min_height=”34px” animation=”off” image_max_width=”40px” global_colors_info=”{}”][\/et_pb_blurb][\/et_pb_column_inner][et_pb_column_inner type=”1_2″ saved_specialty_column_type=”1_2″ _builder_version=”4.16″ custom_padding=”|||” global_colors_info=”{}” custom_padding__hover=”|||”][et_pb_blurb title=”Spare Parts Supply” use_icon=”on” font_icon=”||fa||900″ icon_color=”#f71635″ icon_placement=”left” image_icon_width=”40px” _builder_version=”4.27.4″ header_font=”|700||on|||||” header_font_size=”14px” header_letter_spacing=”2px” header_line_height=”2em” text_orientation=”center” background_layout=”dark” min_height=”34px” animation=”off” image_max_width=”40px” global_colors_info=”{}”][\/et_pb_blurb][\/et_pb_column_inner][\/et_pb_row_inner][et_pb_row_inner column_structure=”1_2,1_2″ _builder_version=”4.16″ max_width=”520px” global_colors_info=”{}”][et_pb_column_inner type=”1_2″ saved_specialty_column_type=”1_2″ _builder_version=”4.16″ custom_padding=”|||” global_colors_info=”{}” custom_padding__hover=”|||”][et_pb_blurb title=”Warranty Coverage” use_icon=”on” font_icon=”||fa||900″ icon_color=”#f71635″ icon_placement=”left” image_icon_width=”40px” _builder_version=”4.27.4″ header_font=”|700||on|||||” header_font_size=”14px” header_letter_spacing=”2px” header_line_height=”2em” text_orientation=”center” background_layout=”dark” min_height=”34px” animation=”off” image_max_width=”40px” global_colors_info=”{}”][\/et_pb_blurb][\/et_pb_column_inner][et_pb_column_inner type=”1_2″ saved_specialty_column_type=”1_2″ _builder_version=”4.16″ custom_padding=”|||” global_colors_info=”{}” custom_padding__hover=”|||”][et_pb_blurb title=”Maintenance Guidance” use_icon=”on” font_icon=”||fa||900″ icon_color=”#f71635″ icon_placement=”left” image_icon_width=”40px” _builder_version=”4.27.4″ header_font=”|700||on|||||” header_font_size=”14px” header_letter_spacing=”2px” header_line_height=”2em” text_orientation=”center” background_layout=”dark” min_height=”34px” animation=”off” image_max_width=”40px” global_colors_info=”{}”][\/et_pb_blurb][\/et_pb_column_inner][\/et_pb_row_inner][et_pb_row_inner _builder_version=”4.16″ max_width=”500px” max_width_tablet=”90%” max_width_phone=”” max_width_last_edited=”on|phone” custom_margin=”30px|30px|30px|30px|true|true” custom_padding=”0|0px|46.1875px|0px|false|false” global_colors_info=”{}”][et_pb_column_inner saved_specialty_column_type=”1_2″ _builder_version=”4.16″ custom_padding=”|||” global_colors_info=”{}” custom_padding__hover=”|||”][et_pb_button button_url=”https:\/\/soil-stabiliser.com\/contact-us\/” button_text=”Contact us” button_alignment=”left” _builder_version=”4.27.4″ custom_button=”on” button_text_size=”14px” button_text_color=”#ffffff” button_bg_color=”rgba(255,255,255,0)” button_border_width=”4px” button_border_color=”#ffffff” button_border_radius=”0px” button_letter_spacing=”3px” button_font=”|700||on|||||” button_icon=”&#x45;||divi||400″ button_on_hover=”off” transform_skew=”-20deg|0deg” transform_skew_linked=”off” custom_padding=”15px|40px|15px|30px|true|false” global_colors_info=”{}” button_bg_color__hover_enabled=”on” button_bg_color__hover=”#d10026″][\/et_pb_button][\/et_pb_column_inner][\/et_pb_row_inner][\/et_pb_column][\/et_pb_section][et_pb_section fb_built=”1″ _builder_version=”4.16″ background_color=”#021827″ custom_padding=”0px||0px|||” global_colors_info=”{}”][et_pb_row _builder_version=”4.16″ global_colors_info=”{}”][et_pb_column type=”4_4″ _builder_version=”4.16″ custom_padding=”|||” global_colors_info=”{}” custom_padding__hover=”|||”][et_pb_slider show_arrows=”off” _builder_version=”4.16″ body_font=”Khand||on||||||” body_font_size=”48px” body_line_height=”1.4em” background_color=”rgba(0,0,0,0)” custom_padding=”0px|0px|80px|0px||true” auto=”on” auto_speed=”5500″ body_font_size_tablet=”” body_font_size_phone=”24px” body_font_size_last_edited=”on|phone” locked=”off” global_colors_info=”{}”][et_pb_slide _builder_version=”4.16″ locked=”off” global_colors_info=”{}” sticky_transition=”on”]<\/p>\n<p>\"\uae30\uc220 \uc9c0\uc6d0\ud300\uc774 \uc804\ud654\ub85c \ud574\uacb0 \ubc29\ubc95\uc744 \uc548\ub0b4\ud574 \uc8fc\uc5b4\uc11c \ub2e4\uc6b4\ud0c0\uc784\uc744 \ub9ce\uc774 \uc904\uc77c \uc218 \uc788\uc5c8\uc2b5\ub2c8\ub2e4.\"<\/p>\n<p>[\/et_pb_slide][et_pb_slide _builder_version=”4.16″ locked=”off” global_colors_info=”{}” sticky_transition=”on”]<\/p>\n<p>\"\uc800\ub294 \uadf8\ub4e4\uc5d0\uac8c\uc11c \uc2e0\uc18d\ud558\uac8c \uc608\ube44 \ubd80\ud488\uc744 \uad6c\ud588\uace0, \ub9e4\ub274\uc5bc\uc5d0 \uc788\ub294 \uc720\uc9c0\ubcf4\uc218 \ud301 \ub355\ubd84\uc5d0 \uae30\uacc4\ub97c \uc6d0\ud65c\ud558\uac8c \uc791\ub3d9\uc2dc\ud0ac \uc218 \uc788\uc5c8\uc2b5\ub2c8\ub2e4.\"<\/p>\n<p>[\/et_pb_slide][et_pb_slide _builder_version=”4.16″ locked=”off” global_colors_info=”{}” sticky_transition=”on”]<\/p>\n<p>\"\ubb38\uc81c\uac00 \uc0dd\uacbc\uc744 \ub54c \ubcf4\uc99d \uc808\ucc28\uac00 \uac04\ub2e8\ud574\uc11c \uc804\ud600 \ubc88\uac70\ub85c\uc6c0\uc774 \uc5c6\uc5c8\uc2b5\ub2c8\ub2e4.\"<\/p>\n<p>[\/et_pb_slide][\/et_pb_slider][\/et_pb_column][\/et_pb_row][\/et_pb_section]<\/p>","protected":false},"excerpt":{"rendered":"<p>Why choose Watanabe NetherlandsWhy choose Watanabe Netherlands? As a dedicated branch of Watanabe Industry and Machine Trade Ltd., we offer over 50 years of expertise in delivering versatile, high-performance machinery tailored for agriculture, construction, and forestry sectors across Europe. Our commitment to innovation and customer-centric solutions ensures reliable equipment, such as Stone Crushers for Tractor, [&hellip;]<\/p>","protected":false},"author":1,"featured_media":0,"parent":0,"menu_order":0,"comment_status":"closed","ping_status":"closed","template":"","meta":{"_et_pb_use_builder":"on","_et_pb_old_content":"","_et_gb_content_width":"","footnotes":""},"class_list":["post-146","page","type-page","status-publish","hentry"],"_links":{"self":[{"href":"https:\/\/soil-stabiliser.com\/ko\/wp-json\/wp\/v2\/pages\/146","targetHints":{"allow":["GET"]}}],"collection":[{"href":"https:\/\/soil-stabiliser.com\/ko\/wp-json\/wp\/v2\/pages"}],"about":[{"href":"https:\/\/soil-stabiliser.com\/ko\/wp-json\/wp\/v2\/types\/page"}],"author":[{"embeddable":true,"href":"https:\/\/soil-stabiliser.com\/ko\/wp-json\/wp\/v2\/users\/1"}],"replies":[{"embeddable":true,"href":"https:\/\/soil-stabiliser.com\/ko\/wp-json\/wp\/v2\/comments?post=146"}],"version-history":[{"count":9,"href":"https:\/\/soil-stabiliser.com\/ko\/wp-json\/wp\/v2\/pages\/146\/revisions"}],"predecessor-version":[{"id":176,"href":"https:\/\/soil-stabiliser.com\/ko\/wp-json\/wp\/v2\/pages\/146\/revisions\/176"}],"wp:attachment":[{"href":"https:\/\/soil-stabiliser.com\/ko\/wp-json\/wp\/v2\/media?parent=146"}],"curies":[{"name":"wp","href":"https:\/\/api.w.org\/{rel}","templated":true}]}}