{"id":146,"date":"2025-11-14T07:31:50","date_gmt":"2025-11-14T07:31:50","guid":{"rendered":"https:\/\/soil-stabiliser.com\/?page_id=146"},"modified":"2025-11-14T07:33:28","modified_gmt":"2025-11-14T07:33:28","slug":"about-us","status":"publish","type":"page","link":"https:\/\/soil-stabiliser.com\/ja\/about-us\/","title":{"rendered":"\u79c1\u305f\u3061\u306b\u3064\u3044\u3066"},"content":{"rendered":"<p>[et_pb_section fb_built=”1″ specialty=”on” custom_padding_last_edited=”on|desktop” padding_top_1=”0px” padding_2_tablet=”|||10vw” padding_2_phone=”” padding_2_last_edited=”on|tablet” admin_label=”Header” _builder_version=”4.27.4″ background_color=”#eaeaf1″ inner_width=”100%” inner_max_width=”100%” custom_padding=”0px|2vw|1px|||” custom_padding_tablet=”|||” custom_padding_phone=”” locked=”off” global_colors_info=”{}”][et_pb_column type=”1_2″ _builder_version=”4.16″ custom_padding=”|||” global_colors_info=”{}” custom_padding__hover=”|||”][et_pb_image src=”https:\/\/soil-stabiliser.com\/wp-content\/uploads\/2025\/11\/mechanic-73.png” alt=”Watanabe Netherlands factory” title_text=”Watanabe Netherlands factory” align_tablet=”center” align_phone=”center” align_last_edited=”on|desktop” _builder_version=”4.27.4″ background_image=”https:\/\/soil-stabiliser.com\/wp-content\/uploads\/2025\/11\/Watanabe-Netherlands-factory-1-e1763099580531.webp” parallax=”on” custom_margin=”|-50vw||” custom_margin_tablet=”|0vw||” custom_margin_phone=”” custom_margin_last_edited=”on|desktop” locked=”off” global_colors_info=”{}”][\/et_pb_image][\/et_pb_column][et_pb_column type=”1_2″ specialty_columns=”2″ _builder_version=”4.16″ custom_padding=”|||” global_colors_info=”{}” custom_padding__hover=”|||”][et_pb_row_inner custom_padding_last_edited=”on|phone” _builder_version=”4.16″ background_color=”#f71635″ max_width=”600px” custom_margin=”10vw|||” custom_margin_tablet=”-40vw||” custom_margin_phone=”” custom_margin_last_edited=”on|tablet” custom_padding=”80px|60px|80px|60px|true|false” custom_padding_tablet=”60px|50px|60px|50px|true|true” custom_padding_phone=”50px|||40px” box_shadow_style=”preset2″ box_shadow_vertical=”28px” box_shadow_blur=”40px” box_shadow_color=”rgba(0,0,0,0.1)” global_colors_info=”{}”][et_pb_column_inner saved_specialty_column_type=”1_2″ _builder_version=”4.16″ custom_padding=”|||” global_colors_info=”{}” custom_padding__hover=”|||”][et_pb_text _builder_version=”4.27.4″ text_font=”||||||||” header_font=”Khand|700||on|||||” header_font_size=”55px” background_layout=”dark” header_font_size_tablet=”60px” header_font_size_phone=”40px” header_font_size_last_edited=”on|phone” locked=”off” global_colors_info=”{}”]<\/p>\n<h1>\u30ef\u30bf\u30ca\u30d9\u30aa\u30e9\u30f3\u30c0\u3092\u9078\u3076\u7406\u7531<\/h1>\n<p>[\/et_pb_text][et_pb_divider color=”#ffffff” divider_style=”double” divider_weight=”10px” _builder_version=”4.16″ transform_skew=”-20deg|0deg” max_width=”100px” height=”10px” locked=”off” global_colors_info=”{}”][\/et_pb_divider][et_pb_text _builder_version=”4.16″ text_font=”|600|||||||” text_line_height=”2em” background_layout=”dark” locked=”off” global_colors_info=”{}”]<\/p>\n<p dir=\"auto\">\u306a\u305c\u30ef\u30bf\u30ca\u30d9\u30fb\u30cd\u30b6\u30fc\u30e9\u30f3\u30c9\u3092\u9078\u3076\u3079\u304d\u3067\u3057\u3087\u3046\u304b\uff1f\u30ef\u30bf\u30ca\u30d9\u30fb\u30a4\u30f3\u30c0\u30b9\u30c8\u30ea\u30fc\u30fb\u30a2\u30f3\u30c9\u30fb\u30de\u30b7\u30f3\u30fb\u30c8\u30ec\u30fc\u30c9\u682a\u5f0f\u4f1a\u793e\u306e\u5c02\u9580\u62e0\u70b9\u3068\u3057\u3066\u300150\u5e74\u4ee5\u4e0a\u306b\u308f\u305f\u308a\u3001\u30e8\u30fc\u30ed\u30c3\u30d1\u5168\u57df\u306e\u8fb2\u696d\u3001\u5efa\u8a2d\u3001\u6797\u696d\u5206\u91ce\u5411\u3051\u306b\u30ab\u30b9\u30bf\u30de\u30a4\u30ba\u3055\u308c\u305f\u591a\u7528\u9014\u3067\u9ad8\u6027\u80fd\u306a\u6a5f\u68b0\u3092\u63d0\u4f9b\u3057\u3066\u304d\u305f\u5c02\u9580\u77e5\u8b58\u3092\u6709\u3057\u3066\u3044\u307e\u3059\u3002\u9769\u65b0\u3068\u304a\u5ba2\u69d8\u4e2d\u5fc3\u306e\u30bd\u30ea\u30e5\u30fc\u30b7\u30e7\u30f3\u3078\u306e\u30b3\u30df\u30c3\u30c8\u30e1\u30f3\u30c8\u306b\u3088\u308a\u3001\u30c8\u30e9\u30af\u30bf\u30fc\u7528\u77f3\u6750\u7834\u7815\u6a5f\u3001\u571f\u58cc\u5b89\u5b9a\u6a5f\u3001\u5ca9\u30ec\u30fc\u30ad\u3001\u30ed\u30c3\u30af\u30d4\u30c3\u30ab\u30fc\u3001\u30ed\u30fc\u30bf\u30ea\u30fc\u5f0f\u8015\u3046\u3093\u6a5f\u3001\u305d\u3057\u3066\u30dd\u30c6\u30c8\u52a0\u5de5\u6a5f\u68b0\u306e\u5305\u62ec\u7684\u306a\u30e9\u30a4\u30f3\u30ca\u30c3\u30d7\u306a\u3069\u3001\u4fe1\u983c\u6027\u306e\u9ad8\u3044\u6a5f\u5668\u3092\u304a\u5c4a\u3051\u3057\u3066\u3044\u307e\u3059\u3002\u3053\u308c\u3089\u306f\u3059\u3079\u3066\u3001\u6280\u8853\u30b5\u30dd\u30fc\u30c8\u3001\u7d14\u6b63\u30b9\u30da\u30a2\u30d1\u30fc\u30c4\u306e\u4f9b\u7d66\u3001\u6a19\u6e963\u30f6\u6708\u4fdd\u8a3c\u3001\u53d6\u6271\u8aac\u660e\u66f8\u3001\u30ab\u30b9\u30bf\u30de\u30fc\u30b5\u30dd\u30fc\u30c8\u3001\u30e1\u30f3\u30c6\u30ca\u30f3\u30b9\u30ac\u30a4\u30c0\u30f3\u30b9\u306a\u3069\u3001\u5305\u62ec\u7684\u306a\u30a2\u30d5\u30bf\u30fc\u30b5\u30fc\u30d3\u30b9\u306b\u3088\u3063\u3066\u652f\u3048\u3089\u308c\u3066\u304a\u308a\u3001\u6a5f\u5668\u306e\u9577\u5bff\u547d\u5316\u3068\u904b\u7528\u52b9\u7387\u306e\u5411\u4e0a\u306b\u8ca2\u732e\u3057\u3066\u3044\u307e\u3059\u3002<\/p>\n<p>[\/et_pb_text][\/et_pb_column_inner][\/et_pb_row_inner][\/et_pb_column][\/et_pb_section][et_pb_section fb_built=”1″ admin_label=”Video” _builder_version=”4.16″ background_color=”#eaeaf1″ custom_padding=”||0px|||” global_colors_info=”{}”][et_pb_row column_structure=”1_3,2_3″ _builder_version=”4.16″ width=”90%” max_width=”1800px” module_alignment=”right” custom_padding=”|||||” use_custom_width=”on” locked=”off” global_colors_info=”{}”][et_pb_column type=”1_3″ _builder_version=”4.16″ custom_padding=”100px||40px|” global_colors_info=”{}” custom_padding__hover=”|||”][et_pb_text _builder_version=”4.27.4″ header_font=”||||||||” header_2_font=”Khand|700||on|||||” header_2_font_size=”60px” header_2_line_height=”1.2em” custom_margin_tablet=”0px|||10vw” custom_margin_last_edited=”off|phone” header_2_font_size_tablet=”40px” header_2_font_size_phone=”30px” header_2_font_size_last_edited=”on|desktop” locked=”off” global_colors_info=”{}”]<\/p>\n<h2>\u79c1\u305f\u3061\u306e\u6b74\u53f2<\/h2>\n<p>[\/et_pb_text][et_pb_divider color=”#f71635″ divider_style=”double” divider_weight=”10px” _builder_version=”4.16″ transform_skew=”-20deg|0deg” max_width=”100px” height=”10px” locked=”off” global_colors_info=”{}”][\/et_pb_divider][et_pb_text _builder_version=”4.27.4″ text_font=”|600|||||||” text_font_size=”16px” text_line_height=”1.8em” header_font=”||||||||” header_2_font=”Khand|700||on|||||” header_2_font_size=”30px” header_2_line_height=”1.2em” custom_margin_tablet=”|||60vw” custom_margin_last_edited=”off|phone” custom_padding=”||0px|||” header_2_font_size_tablet=”20px” header_2_font_size_phone=”18px” header_2_font_size_last_edited=”on|phone” locked=”off” global_colors_info=”{}”]<\/p>\n<p dir=\"auto\">\u30ef\u30bf\u30ca\u30d9\u306e\u958b\u767a\u306e\u6b74\u53f2\u306f\u30011970\u5e74\u3001\u5275\u696d\u8005\u306e\u6e21\u8fba\u5747\u6c0f\u304c\u30cf\u30c4\u30bf\u5674\u9727\u5668\u306e\u6b63\u898f\u8ca9\u58f2\u5e97\u3068\u3057\u3066\u30d6\u30e9\u30b8\u30eb\u306e\u30ab\u30b9\u30c8\u30ed\u30fb\u30d7\u30eb\u3067\u5275\u696d\u3057\u305f\u3053\u3068\u306b\u59cb\u307e\u308a\u307e\u3059\u3002\u8fb2\u5bb6\u3068\u5bc6\u63a5\u306a\u95a2\u4fc2\u3092\u7bc9\u304d\u3001\u6700\u521d\u306e2\u30e9\u30a4\u30f3\u5f0f\u30dd\u30c6\u30c8\u30d4\u30c3\u30ab\u30fc\u3092\u958b\u767a\u3057\u307e\u3057\u305f\u3002\u3053\u306e\u6210\u529f\u3092\u53d7\u3051\u30011976\u5e74\u306b\u306f\u30b8\u30e3\u30ac\u30a4\u30e2\u7528\u8fb2\u6a5f\u5177\u3092\u5c02\u9580\u3068\u3059\u308b\u5de5\u5834\u3092\u8a2d\u7acb\u3057\u307e\u3057\u305f\u30021983\u5e74\u306b\u6e21\u8fba\u5747\u6c0f\u304c\u901d\u53bb\u3057\u305f\u5f8c\u3001\u5bb6\u65cf\u304c\u4e8b\u696d\u3092\u7d99\u627f\u3057\u307e\u3057\u305f\u30021984\u5e74\u306b\u306f\u793e\u540d\u3092Watanabe M\u00e1quinas Agr\u00edcolas Ind\u00fastria e Com\u00e9rcio Ltda.\u306b\u5909\u66f4\u3057\u3001\u7dbf\u82b1\u3001\u30b5\u30c8\u30a6\u30ad\u30d3\u3001\u6797\u696d\u3001\u571f\u58cc\u6d44\u5316\u3001\u8cc7\u6750\u642c\u9001\u4e8b\u696d\u3078\u3068\u4e8b\u696d\u3092\u62e1\u5927\u3057\u307e\u3057\u305f\u30022009\u5e74\u306b\u306fWatanabe Industry and Machine Trade Ltd.\u3068\u306a\u308a\u3001\u591a\u89d2\u7684\u306a\u4e8b\u696d\u5c55\u958b\u3092\u5f37\u5316\u3057\u307e\u3057\u305f\u3002\u73fe\u5728\u3001\u30aa\u30e9\u30f3\u30c0\u652f\u5e97\u306f\u9ad8\u6027\u80fd\u6a5f\u68b0\u30bd\u30ea\u30e5\u30fc\u30b7\u30e7\u30f3\u3092\u901a\u3058\u3066\u3001\u3053\u306e\u4f1d\u7d71\u3092\u30e8\u30fc\u30ed\u30c3\u30d1\u3078\u3068\u5e83\u3052\u3066\u3044\u307e\u3059\u3002<\/p>\n<p>[\/et_pb_text][\/et_pb_column][et_pb_column type=”2_3″ _builder_version=”4.16″ custom_padding=”|||” global_colors_info=”{}” custom_padding__hover=”|||”][et_pb_image src=”https:\/\/soil-stabiliser.com\/wp-content\/uploads\/2025\/11\/mechanic-63.png” align=”right” align_tablet=”center” align_phone=”center” align_last_edited=”on|desktop” _builder_version=”4.16″ max_height=”100px” custom_margin=”||-1px|||” global_colors_info=”{}”][\/et_pb_image][et_pb_video src=”https:\/\/soil-stabiliser.com\/wp-content\/uploads\/2025\/11\/20251113_143043.mp4″ _builder_version=”4.27.4″ box_shadow_style=”preset2″ box_shadow_vertical=”28px” box_shadow_blur=”40px” box_shadow_color=”rgba(0,0,0,0.1)” global_colors_info=”{}”][\/et_pb_video][\/et_pb_column][\/et_pb_row][\/et_pb_section][et_pb_section fb_built=”1″ admin_label=”Gallery” _builder_version=”4.16″ background_color=”#eaeaf1″ background_image=”https:\/\/soil-stabiliser.com\/wp-content\/uploads\/2025\/11\/mechanic-19.png” background_size=”initial” background_position=”bottom_right” custom_padding=”0px|0px|0|0px|false|false” global_colors_info=”{}”][et_pb_row column_structure=”1_3,1_3,1_3″ _builder_version=”4.16″ global_colors_info=”{}”][et_pb_column type=”1_3″ _builder_version=”4.16″ custom_padding=”|||” global_colors_info=”{}” custom_padding__hover=”|||”][et_pb_image src=”https:\/\/soil-stabiliser.com\/wp-content\/uploads\/2025\/11\/rock-rake-working-Watanabe-Netherlands.webp” align_tablet=”center” align_phone=”center” align_last_edited=”on|desktop” _builder_version=”4.27.4″ box_shadow_style=”preset2″ box_shadow_vertical=”28px” box_shadow_blur=”40px” box_shadow_color=”rgba(0,0,0,0.1)” global_colors_info=”{}”][\/et_pb_image][\/et_pb_column][et_pb_column type=”1_3″ _builder_version=”4.16″ custom_padding=”|||” global_colors_info=”{}” custom_padding__hover=”|||”][et_pb_image src=”https:\/\/soil-stabiliser.com\/wp-content\/uploads\/2025\/11\/potatos-machinery-working-Watanabe-Netherlands.webp” align_tablet=”center” align_phone=”center” align_last_edited=”on|desktop” _builder_version=”4.27.4″ box_shadow_style=”preset2″ box_shadow_vertical=”28px” box_shadow_blur=”40px” box_shadow_color=”rgba(0,0,0,0.1)” global_colors_info=”{}”][\/et_pb_image][\/et_pb_column][et_pb_column type=”1_3″ _builder_version=”4.16″ custom_padding=”|||” global_colors_info=”{}” custom_padding__hover=”|||”][et_pb_image src=”https:\/\/soil-stabiliser.com\/wp-content\/uploads\/2025\/11\/rock-pickers-working-Watanabe-Netherlands.webp” align_tablet=”center” align_phone=”center” align_last_edited=”on|desktop” _builder_version=”4.27.4″ box_shadow_style=”preset2″ box_shadow_vertical=”28px” box_shadow_blur=”40px” box_shadow_color=”rgba(0,0,0,0.1)” global_colors_info=”{}”][\/et_pb_image][\/et_pb_column][\/et_pb_row][et_pb_row _builder_version=”4.16″ custom_margin=”10vw||” global_colors_info=”{}”][et_pb_column type=”4_4″ _builder_version=”4.16″ custom_padding=”|||” global_colors_info=”{}” custom_padding__hover=”|||”][et_pb_text _builder_version=”4.16″ header_font=”||||||||” header_2_font=”Khand|700||on|||||” header_2_font_size=”60px” header_2_line_height=”1.2em” max_width=”400px” custom_margin_tablet=”0px|||10vw” custom_margin_phone=”” custom_margin_last_edited=”on|phone” header_2_font_size_tablet=”40px” header_2_font_size_phone=”30px” header_2_font_size_last_edited=”on|desktop” global_colors_info=”{}”]<\/p>\n<h2>\u79c1\u305f\u3061\u306e\u6d3b\u52d5<\/h2>\n<p>[\/et_pb_text][et_pb_divider color=”#f71635″ divider_style=”double” divider_weight=”10px” _builder_version=”4.16″ transform_skew=”-20deg|0deg” max_width=”100px” height=”10px” locked=”off” global_colors_info=”{}”][\/et_pb_divider][\/et_pb_column][\/et_pb_row][\/et_pb_section][et_pb_section fb_built=”1″ specialty=”on” padding_top_1=”0px” padding_top_2=”100px” padding_bottom_1=”0px” padding_2_tablet=”0px|||10vw” padding_2_phone=”” padding_2_last_edited=”on|tablet” admin_label=”What We Do” _builder_version=”4.16″ background_color=”#021827″ inner_width=”100%” inner_max_width=”100%” custom_margin=”0px||0px” custom_padding=”0px|10vw|0px|||” use_custom_width=”on” width_unit=”off” custom_width_percent=”100%” global_colors_info=”{}”][et_pb_column type=”1_2″ _builder_version=”4.16″ custom_padding=”|||” global_colors_info=”{}” custom_padding__hover=”|||”][et_pb_image src=”https:\/\/soil-stabiliser.com\/wp-content\/uploads\/2025\/11\/mechanic-84.png” align=”right” force_fullwidth=”on” _builder_version=”4.27.4″ background_image=”https:\/\/soil-stabiliser.com\/wp-content\/uploads\/2025\/11\/Stone-Crusher-working.webp” background_position=”center_right” background_horizontal_offset=”-20%” max_width_tablet=”60%” max_width_last_edited=”off|desktop” max_height_tablet=”none” max_height_phone=”” max_height_last_edited=”on|tablet” custom_margin=”0px||0px” always_center_on_mobile=”off” global_colors_info=”{}”][\/et_pb_image][\/et_pb_column][et_pb_column type=”1_2″ specialty_columns=”2″ _builder_version=”4.16″ custom_padding=”|||” global_colors_info=”{}” custom_padding__hover=”|||”][et_pb_row_inner _builder_version=”4.16″ max_width=”520px” global_colors_info=”{}”][et_pb_column_inner saved_specialty_column_type=”1_2″ _builder_version=”4.16″ custom_padding=”|||” global_colors_info=”{}” custom_padding__hover=”|||”][et_pb_text _builder_version=”4.16″ text_font=”|600|||||||” text_line_height=”2em” background_layout=”dark” global_colors_info=”{}”]<\/p>\n<p dir=\"auto\">\u30ef\u30bf\u30ca\u30d9\u30aa\u30e9\u30f3\u30c0\u652f\u5e97\u306f\u3001\u30e8\u30fc\u30ed\u30c3\u30d1\u5168\u57df\u306e\u8fb2\u696d\u3001\u5efa\u8a2d\u3001\u6797\u696d\u4e8b\u696d\u3092\u652f\u63f4\u3059\u308b\u9ad8\u5ea6\u306a\u6a5f\u68b0\u30bd\u30ea\u30e5\u30fc\u30b7\u30e7\u30f3\u306e\u63d0\u4f9b\u306b\u7279\u5316\u3057\u3066\u3044\u307e\u3059\u3002\u4e3b\u529b\u88fd\u54c1\u306b\u306f\u3001\u30c8\u30e9\u30af\u30bf\u30fc\u7528\u9ad8\u6027\u80fd\u77f3\u6750\u7834\u7815\u6a5f\u3084\u571f\u58cc\u5b89\u5b9a\u6a5f\u304c\u3042\u308a\u3001\u30ed\u30c3\u30af\u30ec\u30fc\u30ad\u3001\u30ed\u30c3\u30af\u30d4\u30c3\u30ab\u30fc\u3001\u30ed\u30fc\u30bf\u30ea\u30fc\u5f0f\u8015\u3046\u3093\u6a5f\u3001\u305d\u3057\u3066\u30dd\u30c6\u30c8\u52a0\u5de5\u6a5f\u68b0\u3082\u5e45\u5e83\u304f\u53d6\u308a\u63c3\u3048\u3066\u3044\u307e\u3059\u3002\u9769\u65b0\u7684\u306a\u6a5f\u5668\u8a2d\u8a08\u3092\u901a\u3057\u3066\u751f\u7523\u6027\u306e\u5411\u4e0a\u306b\u6ce8\u529b\u3059\u308b\u3068\u3068\u3082\u306b\u3001\u6280\u8853\u30b5\u30dd\u30fc\u30c8\u3001\u7d14\u6b63\u30b9\u30da\u30a2\u30d1\u30fc\u30c4\u3001\u30e1\u30f3\u30c6\u30ca\u30f3\u30b9\u30ac\u30a4\u30c0\u30f3\u30b9\u3068\u3044\u3063\u305f\u5145\u5b9f\u3057\u305f\u30a2\u30d5\u30bf\u30fc\u30b5\u30fc\u30d3\u30b9\u3092\u901a\u3058\u3066\u3001\u6700\u9069\u306a\u6027\u80fd\u3068\u9577\u5bff\u547d\u3092\u5b9f\u73fe\u3057\u3066\u3044\u307e\u3059\u3002<\/p>\n<p>[\/et_pb_text][\/et_pb_column_inner][\/et_pb_row_inner][et_pb_row_inner column_structure=”1_2,1_2″ _builder_version=”4.16″ max_width=”520px” global_colors_info=”{}”][et_pb_column_inner type=”1_2″ saved_specialty_column_type=”1_2″ _builder_version=”4.16″ custom_padding=”|||” global_colors_info=”{}” custom_padding__hover=”|||”][et_pb_blurb title=”Technical Assistance” use_icon=”on” font_icon=”||fa||900″ icon_color=”#f71635″ icon_placement=”left” image_icon_width=”40px” _builder_version=”4.27.4″ header_font=”|700||on|||||” header_font_size=”14px” header_letter_spacing=”2px” header_line_height=”2em” text_orientation=”center” background_layout=”dark” min_height=”34px” animation=”off” image_max_width=”40px” global_colors_info=”{}”][\/et_pb_blurb][\/et_pb_column_inner][et_pb_column_inner type=”1_2″ saved_specialty_column_type=”1_2″ _builder_version=”4.16″ custom_padding=”|||” global_colors_info=”{}” custom_padding__hover=”|||”][et_pb_blurb title=”Spare Parts Supply” use_icon=”on” font_icon=”||fa||900″ icon_color=”#f71635″ icon_placement=”left” image_icon_width=”40px” _builder_version=”4.27.4″ header_font=”|700||on|||||” header_font_size=”14px” header_letter_spacing=”2px” header_line_height=”2em” text_orientation=”center” background_layout=”dark” min_height=”34px” animation=”off” image_max_width=”40px” global_colors_info=”{}”][\/et_pb_blurb][\/et_pb_column_inner][\/et_pb_row_inner][et_pb_row_inner column_structure=”1_2,1_2″ _builder_version=”4.16″ max_width=”520px” global_colors_info=”{}”][et_pb_column_inner type=”1_2″ saved_specialty_column_type=”1_2″ _builder_version=”4.16″ custom_padding=”|||” global_colors_info=”{}” custom_padding__hover=”|||”][et_pb_blurb title=”Warranty Coverage” use_icon=”on” font_icon=”||fa||900″ icon_color=”#f71635″ icon_placement=”left” image_icon_width=”40px” _builder_version=”4.27.4″ header_font=”|700||on|||||” header_font_size=”14px” header_letter_spacing=”2px” header_line_height=”2em” text_orientation=”center” background_layout=”dark” min_height=”34px” animation=”off” image_max_width=”40px” global_colors_info=”{}”][\/et_pb_blurb][\/et_pb_column_inner][et_pb_column_inner type=”1_2″ saved_specialty_column_type=”1_2″ _builder_version=”4.16″ custom_padding=”|||” global_colors_info=”{}” custom_padding__hover=”|||”][et_pb_blurb title=”Maintenance Guidance” use_icon=”on” font_icon=”||fa||900″ icon_color=”#f71635″ icon_placement=”left” image_icon_width=”40px” _builder_version=”4.27.4″ header_font=”|700||on|||||” header_font_size=”14px” header_letter_spacing=”2px” header_line_height=”2em” text_orientation=”center” background_layout=”dark” min_height=”34px” animation=”off” image_max_width=”40px” global_colors_info=”{}”][\/et_pb_blurb][\/et_pb_column_inner][\/et_pb_row_inner][et_pb_row_inner _builder_version=”4.16″ max_width=”500px” max_width_tablet=”90%” max_width_phone=”” max_width_last_edited=”on|phone” custom_margin=”30px|30px|30px|30px|true|true” custom_padding=”0|0px|46.1875px|0px|false|false” global_colors_info=”{}”][et_pb_column_inner saved_specialty_column_type=”1_2″ _builder_version=”4.16″ custom_padding=”|||” global_colors_info=”{}” custom_padding__hover=”|||”][et_pb_button button_url=”https:\/\/soil-stabiliser.com\/contact-us\/” button_text=”Contact us” button_alignment=”left” _builder_version=”4.27.4″ custom_button=”on” button_text_size=”14px” button_text_color=”#ffffff” button_bg_color=”rgba(255,255,255,0)” button_border_width=”4px” button_border_color=”#ffffff” button_border_radius=”0px” button_letter_spacing=”3px” button_font=”|700||on|||||” button_icon=”&#x45;||divi||400″ button_on_hover=”off” transform_skew=”-20deg|0deg” transform_skew_linked=”off” custom_padding=”15px|40px|15px|30px|true|false” global_colors_info=”{}” button_bg_color__hover_enabled=”on” button_bg_color__hover=”#d10026″][\/et_pb_button][\/et_pb_column_inner][\/et_pb_row_inner][\/et_pb_column][\/et_pb_section][et_pb_section fb_built=”1″ _builder_version=”4.16″ background_color=”#021827″ custom_padding=”0px||0px|||” global_colors_info=”{}”][et_pb_row _builder_version=”4.16″ global_colors_info=”{}”][et_pb_column type=”4_4″ _builder_version=”4.16″ custom_padding=”|||” global_colors_info=”{}” custom_padding__hover=”|||”][et_pb_slider show_arrows=”off” _builder_version=”4.16″ body_font=”Khand||on||||||” body_font_size=”48px” body_line_height=”1.4em” background_color=”rgba(0,0,0,0)” custom_padding=”0px|0px|80px|0px||true” auto=”on” auto_speed=”5500″ body_font_size_tablet=”” body_font_size_phone=”24px” body_font_size_last_edited=”on|phone” locked=”off” global_colors_info=”{}”][et_pb_slide _builder_version=”4.16″ locked=”off” global_colors_info=”{}” sticky_transition=”on”]<\/p>\n<p>\u300c\u5f7c\u3089\u306e\u6280\u8853\u30b5\u30dd\u30fc\u30c8\u30c1\u30fc\u30e0\u304c\u96fb\u8a71\u3067\u4fee\u6b63\u65b9\u6cd5\u3092\u8aac\u660e\u3057\u3066\u304f\u308c\u305f\u306e\u3067\u3001\u30c0\u30a6\u30f3\u30bf\u30a4\u30e0\u304c\u5927\u5e45\u306b\u77ed\u7e2e\u3055\u308c\u307e\u3057\u305f\u3002\u300d<\/p>\n<p>[\/et_pb_slide][et_pb_slide _builder_version=”4.16″ locked=”off” global_colors_info=”{}” sticky_transition=”on”]<\/p>\n<p>\u300c\u30b9\u30da\u30a2\u30d1\u30fc\u30c4\u3092\u3059\u3050\u306b\u5165\u624b\u3067\u304d\u307e\u3057\u305f\u3057\u3001\u30de\u30cb\u30e5\u30a2\u30eb\u306b\u8a18\u8f09\u3055\u308c\u3066\u3044\u305f\u30e1\u30f3\u30c6\u30ca\u30f3\u30b9\u306e\u30d2\u30f3\u30c8\u306e\u304a\u304b\u3052\u3067\u3001\u30de\u30b7\u30f3\u3092\u30b9\u30e0\u30fc\u30ba\u306b\u7a3c\u50cd\u3055\u305b\u308b\u3053\u3068\u304c\u3067\u304d\u307e\u3057\u305f\u3002\u300d<\/p>\n<p>[\/et_pb_slide][et_pb_slide _builder_version=”4.16″ locked=”off” global_colors_info=”{}” sticky_transition=”on”]<\/p>\n<p>\u300c\u554f\u984c\u304c\u767a\u751f\u3057\u305f\u3068\u304d\u306e\u4fdd\u8a3c\u624b\u7d9a\u304d\u306f\u7c21\u5358\u3067\u3001\u307e\u3063\u305f\u304f\u9762\u5012\u306a\u3053\u3068\u304c\u3042\u308a\u307e\u305b\u3093\u3002\u300d<\/p>\n<p>[\/et_pb_slide][\/et_pb_slider][\/et_pb_column][\/et_pb_row][\/et_pb_section]<\/p>","protected":false},"excerpt":{"rendered":"<p>Why choose Watanabe NetherlandsWhy choose Watanabe Netherlands? As a dedicated branch of Watanabe Industry and Machine Trade Ltd., we offer over 50 years of expertise in delivering versatile, high-performance machinery tailored for agriculture, construction, and forestry sectors across Europe. Our commitment to innovation and customer-centric solutions ensures reliable equipment, such as Stone Crushers for Tractor, [&hellip;]<\/p>","protected":false},"author":1,"featured_media":0,"parent":0,"menu_order":0,"comment_status":"closed","ping_status":"closed","template":"","meta":{"_et_pb_use_builder":"on","_et_pb_old_content":"","_et_gb_content_width":"","footnotes":""},"class_list":["post-146","page","type-page","status-publish","hentry"],"_links":{"self":[{"href":"https:\/\/soil-stabiliser.com\/ja\/wp-json\/wp\/v2\/pages\/146","targetHints":{"allow":["GET"]}}],"collection":[{"href":"https:\/\/soil-stabiliser.com\/ja\/wp-json\/wp\/v2\/pages"}],"about":[{"href":"https:\/\/soil-stabiliser.com\/ja\/wp-json\/wp\/v2\/types\/page"}],"author":[{"embeddable":true,"href":"https:\/\/soil-stabiliser.com\/ja\/wp-json\/wp\/v2\/users\/1"}],"replies":[{"embeddable":true,"href":"https:\/\/soil-stabiliser.com\/ja\/wp-json\/wp\/v2\/comments?post=146"}],"version-history":[{"count":9,"href":"https:\/\/soil-stabiliser.com\/ja\/wp-json\/wp\/v2\/pages\/146\/revisions"}],"predecessor-version":[{"id":176,"href":"https:\/\/soil-stabiliser.com\/ja\/wp-json\/wp\/v2\/pages\/146\/revisions\/176"}],"wp:attachment":[{"href":"https:\/\/soil-stabiliser.com\/ja\/wp-json\/wp\/v2\/media?parent=146"}],"curies":[{"name":"wp","href":"https:\/\/api.w.org\/{rel}","templated":true}]}}