{"id":296,"date":"2025-11-20T07:59:31","date_gmt":"2025-11-20T07:59:31","guid":{"rendered":"https:\/\/soil-stabiliser.com\/?post_type=product&#038;p=296"},"modified":"2025-11-25T05:19:27","modified_gmt":"2025-11-25T05:19:27","slug":"psw-3200-tractor-rotavetor","status":"publish","type":"product","link":"https:\/\/soil-stabiliser.com\/it\/prodotto\/psw-3200-tractor-rotavetor\/","title":{"rendered":"Rotavetor per trattori PSW-3200"},"content":{"rendered":"<div class=\"container\" style=\"overflow-x: auto;\">\n<table class=\"tech-specs-table\" style=\"color: #666666; font-size: 14px; max-width: 100%; overflow-x: auto;\">\n<thead>\n<tr>\n<th>DATI TECNICI<\/th>\n<th class=\"product-header\">PSW-3200<\/th>\n<\/tr>\n<\/thead>\n<tbody>\n<tr class=\"group-header\">\n<td colspan=\"2\">Dimensioni<\/td>\n<\/tr>\n<tr>\n<td data-label=\"Length (mm.)\">Lunghezza (mm.)<\/td>\n<td>1880<\/td>\n<\/tr>\n<tr>\n<td data-label=\"Width (mm.)\">Larghezza (mm.)<\/td>\n<td>3545<\/td>\n<\/tr>\n<tr>\n<td data-label=\"Height (mm.)\">Altezza (mm.)<\/td>\n<td>1350<\/td>\n<\/tr>\n<tr>\n<td data-label=\"Weight\">Peso<\/td>\n<td>1650 chili<\/td>\n<\/tr>\n<tr>\n<td data-label=\"Bottom linkage category\">Categoria di collegamento inferiore<\/td>\n<td>2<\/td>\n<\/tr>\n<tr>\n<td data-label=\"Working Width\">Larghezza di lavoro<\/td>\n<td>3,20 metri<\/td>\n<\/tr>\n<tr class=\"group-header\">\n<td colspan=\"2\">Requisiti del trattore<\/td>\n<\/tr>\n<tr>\n<td data-label=\"Engine power (min.)\">Potenza del motore (min.)<\/td>\n<td>140 CV<\/td>\n<\/tr>\n<tr>\n<td data-label=\"Working speed\">Velocit\u00e0 di lavoro<\/td>\n<td>3 \u2013 5 km\/h<\/td>\n<\/tr>\n<tr>\n<td data-label=\"Required control valves\">Valvole di controllo richieste<\/td>\n<td>Nessuno (meccanico)<\/td>\n<\/tr>\n<tr>\n<td data-label=\"PTO Speed\">Velocit\u00e0 della presa di forza<\/td>\n<td>540 \/ 1000 giri\/min<\/td>\n<\/tr>\n<\/tbody>\n<\/table>\n<\/div>\n<h2>Abbinamento perfetto per trattori \u2013 Classe 140-200 CV<\/h2>\n<p>La fresa PSW-3200 \u00e8 progettata per i trattori di media-alta potenza pi\u00f9 diffusi nell'agricoltura europea: macchine da 140 a 200 CV come John Deere serie 6M, Fendt 500\/700 Vario, New Holland T6\/T7, Case IH Maxxum\/Puma, Massey Ferguson 6700\/7700, Valtra serie N\/T o Claas Arion\/Axion. Con un peso moderato di 1650 kg e una distribuzione del peso perfettamente bilanciata, la fresa esercita una sollecitazione minima sull'assale posteriore e sulla capacit\u00e0 di sollevamento del trattore, offrendo al contempo una larghezza di lavoro completa di 3,2 m. Gli operatori ottengono costantemente un'eccellente profondit\u00e0 di lavorazione e prestazioni costanti anche con trattori da 140 a 160 CV su terreni argillosi pesanti, rendendola la fresa ideale per contoterzisti e aziende agricole familiari pi\u00f9 grandi che desiderano la massima produttivit\u00e0 senza dover passare a una macchina da 250 CV o pi\u00f9.<\/p>\n<h2><img loading=\"lazy\" decoding=\"async\" class=\"wp-image-293 aligncenter\" src=\"https:\/\/soil-stabiliser.com\/wp-content\/uploads\/2025\/11\/PSW-3200-Tractor-Rotavetor.webp\" alt=\"Rotavetor per trattori PSW-3200\" width=\"600\" height=\"360\" srcset=\"https:\/\/soil-stabiliser.com\/wp-content\/uploads\/2025\/11\/PSW-3200-Tractor-Rotavetor.webp 600w, https:\/\/soil-stabiliser.com\/wp-content\/uploads\/2025\/11\/PSW-3200-Tractor-Rotavetor-480x288.webp 480w\" sizes=\"(min-width: 0px) and (max-width: 480px) 480px, (min-width: 481px) 600px, 100vw\" \/><\/h2>\n<h2>Come funziona il PSW-3200 e perch\u00e9 eccelle<\/h2>\n<p>La PSW-3200 \u00e8 una fresatrice rotativa per trattori ad alta resistenza, con lame a L disposte a elica per un funzionamento fluido e picchi di potenza ridotti. Il rotore \u00e8 azionato direttamente dalla presa di forza del trattore (compatibile con 540 o 1000 giri\/min), offrendo una coppia elevata e una velocit\u00e0 costante delle lame. Lo scudo posteriore regolabile e la barra livellatrice consentono un controllo preciso della profondit\u00e0 di lavorazione e della finitura superficiale direttamente dalla cabina. A differenza delle fresatrici pi\u00f9 leggere, che faticano in condizioni difficili, la robusta scatola del cambio e il telaio rinforzato della PSW-3200 gestiscono la lavorazione primaria, l'incorporazione delle stoppie e la preparazione del letto di semina in un'unica passata, anche su terreni con residui pesanti o compattati. Questo la rende una delle attrezzature per la lavorazione del terreno pi\u00f9 affidabili nella classe 3\u20133,5 m.<\/p>\n<h2>Scenari applicativi: dalle colture erbacee all'agricoltura specializzata<\/h2>\n<p>Utilizzi principali: lavorazione primaria e secondaria, incorporazione delle stoppie dopo i cereali, preparazione del letto di semina per mais, barbabietola da zucchero, patate, ortaggi, produzione di sementi, incorporazione di colture di copertura, gestione del suolo di vigneti e frutteti, formazione di aiuole orticole. Ulteriori applicazioni: rinnovo di manti erbosi sportivi, incorporazione di sostanza organica o calce, preparazione di letti di semina per erba, bonifica di terreni ritirati dalla produzione.<\/p>\n<h3>Caso concreto 1 \u2013 Azienda agricola, Groningen, Paesi Bassi (2024)<\/h3>\n<p>Un'azienda agricola di 420 ettari ha sostituito una vecchia fresa da 3 m con una PSW-3200 su un John Deere 6M da 165 CV. Risultato: riduzione del consumo di carburante a parit\u00e0 di velocit\u00e0 di avanzamento, migliore incorporazione dei residui e letto di semina significativamente pi\u00f9 liscio per la barbabietola da zucchero. La precisione di semina \u00e8 migliorata, con conseguente emergenza pi\u00f9 uniforme e rese pi\u00f9 elevate.<\/p>\n<h3><img loading=\"lazy\" decoding=\"async\" class=\"aligncenter wp-image-297\" src=\"https:\/\/soil-stabiliser.com\/wp-content\/uploads\/2025\/11\/Tractor-Rotavetor-application.webp\" alt=\"Scenario applicativo del rotativo del trattore PSW-3200\" width=\"801\" height=\"455\" srcset=\"https:\/\/soil-stabiliser.com\/wp-content\/uploads\/2025\/11\/Tractor-Rotavetor-application.webp 801w, https:\/\/soil-stabiliser.com\/wp-content\/uploads\/2025\/11\/Tractor-Rotavetor-application-480x273.webp 480w\" sizes=\"(min-width: 0px) and (max-width: 480px) 480px, (min-width: 481px) 801px, 100vw\" \/><\/h3>\n<h3>Caso concreto 2 \u2013 Coltivatore di ortaggi, regione di Westland Glasshouse, Paesi Bassi (2024)<\/h3>\n<p>Un contoterzista impegnato nella preparazione di orti all'aperto ha utilizzato il PSW-3200 su un Fendt 314 Vario da 155 CV. La larghezza di 3,2 m e il controllo preciso della profondit\u00e0 hanno prodotto una lavorazione perfetta e fine per la semina di carote e cipolle. Il cliente ha segnalato una riduzione della pressione delle erbe infestanti e una sarchiatura meccanica pi\u00f9 semplice grazie alla struttura superiore del terreno.<\/p>\n<h3>Caso pratico 3 \u2013 Gestione del vigneto, Renania-Palatinato, Germania (2024)<\/h3>\n<p>L'azienda vinicola ha utilizzato la fresa rotativa su un trattore New Holland T5 da 145 CV per incorporare le colture di copertura e livellare l'interfila. La disposizione elicoidale delle lame e la protezione regolabile hanno creato una superficie eccezionalmente uniforme e priva di creste, migliorando l'infiltrazione dell'acqua e riducendo l'erosione sui pendii.<\/p>\n<h3>Caso concreto 4 \u2013 Impresa di realizzazione di tappeti erbosi sportivi, Regione di Anversa, Belgio (2024)<\/h3>\n<p>Un'impresa edile impegnata nella ristrutturazione di campi da calcio ha utilizzato il PSW-3200 su un Case IH Puma da 180 CV. La macchina ha incorporato calce e fertilizzante in un'unica passata prima della risemina, ottenendo un livellamento perfetto e una lavorazione fine. Il progetto \u00e8 stato completato con 3 giorni di anticipo rispetto al previsto, con ottimi risultati di germinazione.<\/p>\n<h2>Qualit\u00e0 costruttiva che offre valore a lungo termine<\/h2>\n<p>Il PSW-3200 \u00e8 dotato di un robusto telaio in acciaio al boro, di un riduttore a bagno d'olio con alette di raffreddamento, di una trasmissione laterale rinforzata con tendicinghia automatico e di lame sostituibili imbullonate. Il rotore \u00e8 bilanciato dinamicamente e funziona su cuscinetti sigillati. Le unit\u00e0 in Brasile superano regolarmente le 4000-5000 ore con la sola sostituzione delle lame: la stessa comprovata durata \u00e8 ora confermata in Europa, con le prime macchine che hanno gi\u00e0 superato le 2500 ore senza problemi.<\/p>\n<h2>Filiale Watanabe Paesi Bassi: il tuo partner europeo di fiducia fin dal primo giorno<\/h2>\n<p><img loading=\"lazy\" decoding=\"async\" class=\"wp-image-120 aligncenter\" src=\"https:\/\/soil-stabiliser.com\/wp-content\/uploads\/2025\/11\/Watanabe-Netherlands-factory-e1763084573676.webp\" alt=\"Fabbrica Watanabe nei Paesi Bassi\" width=\"801\" height=\"532\" \/><\/p>\n<p dir=\"auto\">La filiale olandese di Watanabe funge da sede centrale europea ufficiale e centro tecnico per Watanabe Industry and Machine Trade Ltd., Brasile. Disponiamo di uno stock permanente di tutte le nostre macchine principali, incluso il THOR. <a href=\"https:\/\/soil-stabiliser.com\/it\/tractor-stone-crusher-machine\/\">frantoio per trattori<\/a> serie, rastrelli per rocce EW, frese rotative PSW, stabilizzatrici del terreno, raccoglitrici di rocce e la gamma completa di macchinari per patate, insieme a tutti i pezzi di ricambio essenziali nel nostro magazzino olandese.<\/p>\n<p dir=\"auto\">Ogni macchina \u00e8 pienamente conforme alle normative CE, preparata, testata e pronta per l'uso immediato al momento della consegna. Offriamo un'assistenza tecnica qualificata in olandese, inglese, tedesco e francese, con consegna dei ricambi in tutta Europa entro 48-72 ore.<\/p>\n<p dir=\"auto\">Scegliendo Watanabe Netherlands, non riceverai solo macchinari di comprovata fabbricazione brasiliana ottimizzati per le condizioni europee, ma anche un vero e proprio stock locale, una rapida disponibilit\u00e0 dei pezzi di ricambio e un supporto tecnico dedicato su cui potrai contare stagione dopo stagione.<\/p>\n<ul>\n<li class=\"quote\">“The PSW-3200 leaves a really nice fine seedbed \u2013 much smoother than our previous machine, and fuel use is noticeably lower.” \u2013 Arable farmer from Groningen, Netherlands.<\/li>\n<li class=\"quote\">“Perfect width for our vegetable beds \u2013 very even tilth and good incorporation of residue.” \u2013 Contractor from Westland, Netherlands.<\/li>\n<li class=\"quote\">“Used it in our steep vineyards \u2013 excellent depth control and the surface finish is perfect.” \u2013 Wine estate manager from Rheinland-Pfalz, Germany.<\/li>\n<li class=\"quote\">“Saved us time on sports pitch renovations \u2013 incorporated lime perfectly and left a beautiful level surface.” \u2013 Turf contractor from Antwerp area, Belgium.<\/li>\n<li class=\"quote\">“Good heavy-duty rotavator for sale \u2013 runs smooth on our 160 hp tractor and parts service is fast.” \u2013 Contractor from Nord-Pas-de-Calais, France.<\/li>\n<\/ul>","protected":false},"excerpt":{"rendered":"<p dir=\"auto\">La fresa rotativa PSW-3200 \u00e8 una fresa rotativa per impieghi gravosi da 3,2 m, progettata per la lavorazione professionale primaria e secondaria, l'incorporazione delle stoppie e la perfetta preparazione del letto di semina. Ottimizzata per trattori da 140-200 CV con PTO a 540\/1000 giri\/min, la sua robusta struttura da 1650 kg, la disposizione elicoidale delle lame e lo scudo posteriore regolabile garantiscono una profondit\u00e0 di lavoro costante, una struttura del terreno superiore e un basso consumo energetico su tutti i tipi di terreno: prestazioni comprovate per l'agricoltura arabile, la produzione di ortaggi e le colture speciali in tutta Europa.<\/p>","protected":false},"featured_media":293,"comment_status":"open","ping_status":"closed","template":"","meta":{"_et_pb_use_builder":"","_et_pb_old_content":"","_et_gb_content_width":""},"product_brand":[],"product_cat":[25],"product_tag":[26],"class_list":{"0":"post-296","1":"product","2":"type-product","3":"status-publish","4":"has-post-thumbnail","6":"product_cat-rotavetor","7":"product_tag-rotavetor","9":"first","10":"instock","11":"shipping-taxable","12":"product-type-simple"},"_links":{"self":[{"href":"https:\/\/soil-stabiliser.com\/it\/wp-json\/wp\/v2\/product\/296","targetHints":{"allow":["GET"]}}],"collection":[{"href":"https:\/\/soil-stabiliser.com\/it\/wp-json\/wp\/v2\/product"}],"about":[{"href":"https:\/\/soil-stabiliser.com\/it\/wp-json\/wp\/v2\/types\/product"}],"replies":[{"embeddable":true,"href":"https:\/\/soil-stabiliser.com\/it\/wp-json\/wp\/v2\/comments?post=296"}],"wp:featuredmedia":[{"embeddable":true,"href":"https:\/\/soil-stabiliser.com\/it\/wp-json\/wp\/v2\/media\/293"}],"wp:attachment":[{"href":"https:\/\/soil-stabiliser.com\/it\/wp-json\/wp\/v2\/media?parent=296"}],"wp:term":[{"taxonomy":"product_brand","embeddable":true,"href":"https:\/\/soil-stabiliser.com\/it\/wp-json\/wp\/v2\/product_brand?post=296"},{"taxonomy":"product_cat","embeddable":true,"href":"https:\/\/soil-stabiliser.com\/it\/wp-json\/wp\/v2\/product_cat?post=296"},{"taxonomy":"product_tag","embeddable":true,"href":"https:\/\/soil-stabiliser.com\/it\/wp-json\/wp\/v2\/product_tag?post=296"}],"curies":[{"name":"wp","href":"https:\/\/api.w.org\/{rel}","templated":true}]}}