{"id":146,"date":"2025-11-14T07:31:50","date_gmt":"2025-11-14T07:31:50","guid":{"rendered":"https:\/\/soil-stabiliser.com\/?page_id=146"},"modified":"2025-11-14T07:33:28","modified_gmt":"2025-11-14T07:33:28","slug":"about-us","status":"publish","type":"page","link":"https:\/\/soil-stabiliser.com\/fr\/about-us\/","title":{"rendered":"\u00c0 propos de nous"},"content":{"rendered":"<p>[et_pb_section fb_built=”1″ specialty=”on” custom_padding_last_edited=”on|desktop” padding_top_1=”0px” padding_2_tablet=”|||10vw” padding_2_phone=”” padding_2_last_edited=”on|tablet” admin_label=”Header” _builder_version=”4.27.4″ background_color=”#eaeaf1″ inner_width=”100%” inner_max_width=”100%” custom_padding=”0px|2vw|1px|||” custom_padding_tablet=”|||” custom_padding_phone=”” locked=”off” global_colors_info=”{}”][et_pb_column type=”1_2″ _builder_version=”4.16″ custom_padding=”|||” global_colors_info=”{}” custom_padding__hover=”|||”][et_pb_image src=”https:\/\/soil-stabiliser.com\/wp-content\/uploads\/2025\/11\/mechanic-73.png” alt=”Watanabe Netherlands factory” title_text=”Watanabe Netherlands factory” align_tablet=”center” align_phone=”center” align_last_edited=”on|desktop” _builder_version=”4.27.4″ background_image=”https:\/\/soil-stabiliser.com\/wp-content\/uploads\/2025\/11\/Watanabe-Netherlands-factory-1-e1763099580531.webp” parallax=”on” custom_margin=”|-50vw||” custom_margin_tablet=”|0vw||” custom_margin_phone=”” custom_margin_last_edited=”on|desktop” locked=”off” global_colors_info=”{}”][\/et_pb_image][\/et_pb_column][et_pb_column type=”1_2″ specialty_columns=”2″ _builder_version=”4.16″ custom_padding=”|||” global_colors_info=”{}” custom_padding__hover=”|||”][et_pb_row_inner custom_padding_last_edited=”on|phone” _builder_version=”4.16″ background_color=”#f71635″ max_width=”600px” custom_margin=”10vw|||” custom_margin_tablet=”-40vw||” custom_margin_phone=”” custom_margin_last_edited=”on|tablet” custom_padding=”80px|60px|80px|60px|true|false” custom_padding_tablet=”60px|50px|60px|50px|true|true” custom_padding_phone=”50px|||40px” box_shadow_style=”preset2″ box_shadow_vertical=”28px” box_shadow_blur=”40px” box_shadow_color=”rgba(0,0,0,0.1)” global_colors_info=”{}”][et_pb_column_inner saved_specialty_column_type=”1_2″ _builder_version=”4.16″ custom_padding=”|||” global_colors_info=”{}” custom_padding__hover=”|||”][et_pb_text _builder_version=”4.27.4″ text_font=”||||||||” header_font=”Khand|700||on|||||” header_font_size=”55px” background_layout=”dark” header_font_size_tablet=”60px” header_font_size_phone=”40px” header_font_size_last_edited=”on|phone” locked=”off” global_colors_info=”{}”]<\/p>\n<h1>Pourquoi choisir Watanabe Pays-Bas ?<\/h1>\n<p>[\/et_pb_text][et_pb_divider color=”#ffffff” divider_style=”double” divider_weight=”10px” _builder_version=”4.16″ transform_skew=”-20deg|0deg” max_width=”100px” height=”10px” locked=”off” global_colors_info=”{}”][\/et_pb_divider][et_pb_text _builder_version=”4.16″ text_font=”|600|||||||” text_line_height=”2em” background_layout=”dark” locked=”off” global_colors_info=”{}”]<\/p>\n<p dir=\"auto\">Pourquoi choisir Watanabe Pays-Bas\u00a0? Filiale sp\u00e9cialis\u00e9e de Watanabe Industry and Machine Trade Ltd., nous mettons \u00e0 votre service plus de 50\u00a0ans d\u2019expertise dans la fourniture de machines polyvalentes et performantes, adapt\u00e9es aux secteurs de l\u2019agriculture, de la construction et de la sylviculture en Europe. Notre engagement envers l\u2019innovation et les solutions centr\u00e9es sur le client garantit des \u00e9quipements fiables, tels que des concasseurs de pierres pour tracteurs, des stabilisateurs de sol, des r\u00e2teaux \u00e0 pierres, des ramasseuses de pierres, des rotoculteurs et une gamme compl\u00e8te de machines pour la culture de la pomme de terre. Tous nos produits b\u00e9n\u00e9ficient d\u2019un service apr\u00e8s-vente complet comprenant une assistance technique, la fourniture de pi\u00e8ces d\u00e9tach\u00e9es d\u2019origine, une garantie standard de trois mois, des manuels d\u2019utilisation, un service client et des conseils de maintenance pour optimiser la dur\u00e9e de vie et l\u2019efficacit\u00e9 op\u00e9rationnelle de vos \u00e9quipements.<\/p>\n<p>[\/et_pb_text][\/et_pb_column_inner][\/et_pb_row_inner][\/et_pb_column][\/et_pb_section][et_pb_section fb_built=”1″ admin_label=”Video” _builder_version=”4.16″ background_color=”#eaeaf1″ custom_padding=”||0px|||” global_colors_info=”{}”][et_pb_row column_structure=”1_3,2_3″ _builder_version=”4.16″ width=”90%” max_width=”1800px” module_alignment=”right” custom_padding=”|||||” use_custom_width=”on” locked=”off” global_colors_info=”{}”][et_pb_column type=”1_3″ _builder_version=”4.16″ custom_padding=”100px||40px|” global_colors_info=”{}” custom_padding__hover=”|||”][et_pb_text _builder_version=”4.27.4″ header_font=”||||||||” header_2_font=”Khand|700||on|||||” header_2_font_size=”60px” header_2_line_height=”1.2em” custom_margin_tablet=”0px|||10vw” custom_margin_last_edited=”off|phone” header_2_font_size_tablet=”40px” header_2_font_size_phone=”30px” header_2_font_size_last_edited=”on|desktop” locked=”off” global_colors_info=”{}”]<\/p>\n<h2>Notre histoire<\/h2>\n<p>[\/et_pb_text][et_pb_divider color=”#f71635″ divider_style=”double” divider_weight=”10px” _builder_version=”4.16″ transform_skew=”-20deg|0deg” max_width=”100px” height=”10px” locked=”off” global_colors_info=”{}”][\/et_pb_divider][et_pb_text _builder_version=”4.27.4″ text_font=”|600|||||||” text_font_size=”16px” text_line_height=”1.8em” header_font=”||||||||” header_2_font=”Khand|700||on|||||” header_2_font_size=”30px” header_2_line_height=”1.2em” custom_margin_tablet=”|||60vw” custom_margin_last_edited=”off|phone” custom_padding=”||0px|||” header_2_font_size_tablet=”20px” header_2_font_size_phone=”18px” header_2_font_size_last_edited=”on|phone” locked=”off” global_colors_info=”{}”]<\/p>\n<p dir=\"auto\">L'histoire de Watanabe a d\u00e9but\u00e9 en 1970 \u00e0 Castro-Pr, au Br\u00e9sil, lorsque son fondateur, M. Hitoshi Watanabe, est devenu distributeur agr\u00e9\u00e9 de pulv\u00e9risateurs Hatsuta. En collaborant \u00e9troitement avec les agriculteurs, il a mis au point la premi\u00e8re arracheuse de pommes de terre \u00e0 deux lignes. En 1976, fort de son succ\u00e8s, l'entreprise a cr\u00e9\u00e9 une usine sp\u00e9cialis\u00e9e dans les outils agricoles pour la culture de la pomme de terre. Apr\u00e8s son d\u00e9c\u00e8s en 1983, sa famille a poursuivi l'activit\u00e9. Rebaptis\u00e9e Watanabe M\u00e1quinas Agr\u00edcolas Ind\u00fastria e Com\u00e9rcio Ltda. en 1984, elle s'est diversifi\u00e9e dans les secteurs du coton, de la canne \u00e0 sucre, de la sylviculture, du nettoyage des sols et de la manutention. En 2009, elle est devenue Watanabe Industry and Machine Trade Ltd., renfor\u00e7ant ainsi ses activit\u00e9s multisectorielles. Aujourd'hui, notre filiale n\u00e9erlandaise perp\u00e9tue cet h\u00e9ritage en Europe en proposant des solutions de machines performantes.<\/p>\n<p>[\/et_pb_text][\/et_pb_column][et_pb_column type=”2_3″ _builder_version=”4.16″ custom_padding=”|||” global_colors_info=”{}” custom_padding__hover=”|||”][et_pb_image src=”https:\/\/soil-stabiliser.com\/wp-content\/uploads\/2025\/11\/mechanic-63.png” align=”right” align_tablet=”center” align_phone=”center” align_last_edited=”on|desktop” _builder_version=”4.16″ max_height=”100px” custom_margin=”||-1px|||” global_colors_info=”{}”][\/et_pb_image][et_pb_video src=”https:\/\/soil-stabiliser.com\/wp-content\/uploads\/2025\/11\/20251113_143043.mp4″ _builder_version=”4.27.4″ box_shadow_style=”preset2″ box_shadow_vertical=”28px” box_shadow_blur=”40px” box_shadow_color=”rgba(0,0,0,0.1)” global_colors_info=”{}”][\/et_pb_video][\/et_pb_column][\/et_pb_row][\/et_pb_section][et_pb_section fb_built=”1″ admin_label=”Gallery” _builder_version=”4.16″ background_color=”#eaeaf1″ background_image=”https:\/\/soil-stabiliser.com\/wp-content\/uploads\/2025\/11\/mechanic-19.png” background_size=”initial” background_position=”bottom_right” custom_padding=”0px|0px|0|0px|false|false” global_colors_info=”{}”][et_pb_row column_structure=”1_3,1_3,1_3″ _builder_version=”4.16″ global_colors_info=”{}”][et_pb_column type=”1_3″ _builder_version=”4.16″ custom_padding=”|||” global_colors_info=”{}” custom_padding__hover=”|||”][et_pb_image src=”https:\/\/soil-stabiliser.com\/wp-content\/uploads\/2025\/11\/rock-rake-working-Watanabe-Netherlands.webp” align_tablet=”center” align_phone=”center” align_last_edited=”on|desktop” _builder_version=”4.27.4″ box_shadow_style=”preset2″ box_shadow_vertical=”28px” box_shadow_blur=”40px” box_shadow_color=”rgba(0,0,0,0.1)” global_colors_info=”{}”][\/et_pb_image][\/et_pb_column][et_pb_column type=”1_3″ _builder_version=”4.16″ custom_padding=”|||” global_colors_info=”{}” custom_padding__hover=”|||”][et_pb_image src=”https:\/\/soil-stabiliser.com\/wp-content\/uploads\/2025\/11\/potatos-machinery-working-Watanabe-Netherlands.webp” align_tablet=”center” align_phone=”center” align_last_edited=”on|desktop” _builder_version=”4.27.4″ box_shadow_style=”preset2″ box_shadow_vertical=”28px” box_shadow_blur=”40px” box_shadow_color=”rgba(0,0,0,0.1)” global_colors_info=”{}”][\/et_pb_image][\/et_pb_column][et_pb_column type=”1_3″ _builder_version=”4.16″ custom_padding=”|||” global_colors_info=”{}” custom_padding__hover=”|||”][et_pb_image src=”https:\/\/soil-stabiliser.com\/wp-content\/uploads\/2025\/11\/rock-pickers-working-Watanabe-Netherlands.webp” align_tablet=”center” align_phone=”center” align_last_edited=”on|desktop” _builder_version=”4.27.4″ box_shadow_style=”preset2″ box_shadow_vertical=”28px” box_shadow_blur=”40px” box_shadow_color=”rgba(0,0,0,0.1)” global_colors_info=”{}”][\/et_pb_image][\/et_pb_column][\/et_pb_row][et_pb_row _builder_version=”4.16″ custom_margin=”10vw||” global_colors_info=”{}”][et_pb_column type=”4_4″ _builder_version=”4.16″ custom_padding=”|||” global_colors_info=”{}” custom_padding__hover=”|||”][et_pb_text _builder_version=”4.16″ header_font=”||||||||” header_2_font=”Khand|700||on|||||” header_2_font_size=”60px” header_2_line_height=”1.2em” max_width=”400px” custom_margin_tablet=”0px|||10vw” custom_margin_phone=”” custom_margin_last_edited=”on|phone” header_2_font_size_tablet=”40px” header_2_font_size_phone=”30px” header_2_font_size_last_edited=”on|desktop” global_colors_info=”{}”]<\/p>\n<h2>Ce que nous faisons<\/h2>\n<p>[\/et_pb_text][et_pb_divider color=”#f71635″ divider_style=”double” divider_weight=”10px” _builder_version=”4.16″ transform_skew=”-20deg|0deg” max_width=”100px” height=”10px” locked=”off” global_colors_info=”{}”][\/et_pb_divider][\/et_pb_column][\/et_pb_row][\/et_pb_section][et_pb_section fb_built=”1″ specialty=”on” padding_top_1=”0px” padding_top_2=”100px” padding_bottom_1=”0px” padding_2_tablet=”0px|||10vw” padding_2_phone=”” padding_2_last_edited=”on|tablet” admin_label=”What We Do” _builder_version=”4.16″ background_color=”#021827″ inner_width=”100%” inner_max_width=”100%” custom_margin=”0px||0px” custom_padding=”0px|10vw|0px|||” use_custom_width=”on” width_unit=”off” custom_width_percent=”100%” global_colors_info=”{}”][et_pb_column type=”1_2″ _builder_version=”4.16″ custom_padding=”|||” global_colors_info=”{}” custom_padding__hover=”|||”][et_pb_image src=”https:\/\/soil-stabiliser.com\/wp-content\/uploads\/2025\/11\/mechanic-84.png” align=”right” force_fullwidth=”on” _builder_version=”4.27.4″ background_image=”https:\/\/soil-stabiliser.com\/wp-content\/uploads\/2025\/11\/Stone-Crusher-working.webp” background_position=”center_right” background_horizontal_offset=”-20%” max_width_tablet=”60%” max_width_last_edited=”off|desktop” max_height_tablet=”none” max_height_phone=”” max_height_last_edited=”on|tablet” custom_margin=”0px||0px” always_center_on_mobile=”off” global_colors_info=”{}”][\/et_pb_image][\/et_pb_column][et_pb_column type=”1_2″ specialty_columns=”2″ _builder_version=”4.16″ custom_padding=”|||” global_colors_info=”{}” custom_padding__hover=”|||”][et_pb_row_inner _builder_version=”4.16″ max_width=”520px” global_colors_info=”{}”][et_pb_column_inner saved_specialty_column_type=”1_2″ _builder_version=”4.16″ custom_padding=”|||” global_colors_info=”{}” custom_padding__hover=”|||”][et_pb_text _builder_version=”4.16″ text_font=”|600|||||||” text_line_height=”2em” background_layout=”dark” global_colors_info=”{}”]<\/p>\n<p dir=\"auto\">Chez Watanabe Pays-Bas, nous sommes sp\u00e9cialis\u00e9s dans la fourniture de solutions de machines performantes qui optimisent les op\u00e9rations agricoles, de construction et foresti\u00e8res \u00e0 travers l'Europe. Notre offre principale comprend des concasseurs de pierres haute performance pour tracteurs et des stabilisateurs de sol, compl\u00e9t\u00e9s par des r\u00e2teaux \u00e0 pierres, des ramasseuses de pierres, des rotoculteurs et une gamme compl\u00e8te de machines pour la culture de la pomme de terre. Nous nous attachons \u00e0 am\u00e9liorer la productivit\u00e9 gr\u00e2ce \u00e0 une conception d'\u00e9quipements innovante, tout en fournissant un service apr\u00e8s-vente complet comprenant une assistance technique, des pi\u00e8ces d\u00e9tach\u00e9es d'origine et des conseils de maintenance afin de garantir des performances optimales et une longue dur\u00e9e de vie.<\/p>\n<p>[\/et_pb_text][\/et_pb_column_inner][\/et_pb_row_inner][et_pb_row_inner column_structure=”1_2,1_2″ _builder_version=”4.16″ max_width=”520px” global_colors_info=”{}”][et_pb_column_inner type=”1_2″ saved_specialty_column_type=”1_2″ _builder_version=”4.16″ custom_padding=”|||” global_colors_info=”{}” custom_padding__hover=”|||”][et_pb_blurb title=”Technical Assistance” use_icon=”on” font_icon=”||fa||900″ icon_color=”#f71635″ icon_placement=”left” image_icon_width=”40px” _builder_version=”4.27.4″ header_font=”|700||on|||||” header_font_size=”14px” header_letter_spacing=”2px” header_line_height=”2em” text_orientation=”center” background_layout=”dark” min_height=”34px” animation=”off” image_max_width=”40px” global_colors_info=”{}”][\/et_pb_blurb][\/et_pb_column_inner][et_pb_column_inner type=”1_2″ saved_specialty_column_type=”1_2″ _builder_version=”4.16″ custom_padding=”|||” global_colors_info=”{}” custom_padding__hover=”|||”][et_pb_blurb title=”Spare Parts Supply” use_icon=”on” font_icon=”||fa||900″ icon_color=”#f71635″ icon_placement=”left” image_icon_width=”40px” _builder_version=”4.27.4″ header_font=”|700||on|||||” header_font_size=”14px” header_letter_spacing=”2px” header_line_height=”2em” text_orientation=”center” background_layout=”dark” min_height=”34px” animation=”off” image_max_width=”40px” global_colors_info=”{}”][\/et_pb_blurb][\/et_pb_column_inner][\/et_pb_row_inner][et_pb_row_inner column_structure=”1_2,1_2″ _builder_version=”4.16″ max_width=”520px” global_colors_info=”{}”][et_pb_column_inner type=”1_2″ saved_specialty_column_type=”1_2″ _builder_version=”4.16″ custom_padding=”|||” global_colors_info=”{}” custom_padding__hover=”|||”][et_pb_blurb title=”Warranty Coverage” use_icon=”on” font_icon=”||fa||900″ icon_color=”#f71635″ icon_placement=”left” image_icon_width=”40px” _builder_version=”4.27.4″ header_font=”|700||on|||||” header_font_size=”14px” header_letter_spacing=”2px” header_line_height=”2em” text_orientation=”center” background_layout=”dark” min_height=”34px” animation=”off” image_max_width=”40px” global_colors_info=”{}”][\/et_pb_blurb][\/et_pb_column_inner][et_pb_column_inner type=”1_2″ saved_specialty_column_type=”1_2″ _builder_version=”4.16″ custom_padding=”|||” global_colors_info=”{}” custom_padding__hover=”|||”][et_pb_blurb title=”Maintenance Guidance” use_icon=”on” font_icon=”||fa||900″ icon_color=”#f71635″ icon_placement=”left” image_icon_width=”40px” _builder_version=”4.27.4″ header_font=”|700||on|||||” header_font_size=”14px” header_letter_spacing=”2px” header_line_height=”2em” text_orientation=”center” background_layout=”dark” min_height=”34px” animation=”off” image_max_width=”40px” global_colors_info=”{}”][\/et_pb_blurb][\/et_pb_column_inner][\/et_pb_row_inner][et_pb_row_inner _builder_version=”4.16″ max_width=”500px” max_width_tablet=”90%” max_width_phone=”” max_width_last_edited=”on|phone” custom_margin=”30px|30px|30px|30px|true|true” custom_padding=”0|0px|46.1875px|0px|false|false” global_colors_info=”{}”][et_pb_column_inner saved_specialty_column_type=”1_2″ _builder_version=”4.16″ custom_padding=”|||” global_colors_info=”{}” custom_padding__hover=”|||”][et_pb_button button_url=”https:\/\/soil-stabiliser.com\/contact-us\/” button_text=”Contact us” button_alignment=”left” _builder_version=”4.27.4″ custom_button=”on” button_text_size=”14px” button_text_color=”#ffffff” button_bg_color=”rgba(255,255,255,0)” button_border_width=”4px” button_border_color=”#ffffff” button_border_radius=”0px” button_letter_spacing=”3px” button_font=”|700||on|||||” button_icon=”&#x45;||divi||400″ button_on_hover=”off” transform_skew=”-20deg|0deg” transform_skew_linked=”off” custom_padding=”15px|40px|15px|30px|true|false” global_colors_info=”{}” button_bg_color__hover_enabled=”on” button_bg_color__hover=”#d10026″][\/et_pb_button][\/et_pb_column_inner][\/et_pb_row_inner][\/et_pb_column][\/et_pb_section][et_pb_section fb_built=”1″ _builder_version=”4.16″ background_color=”#021827″ custom_padding=”0px||0px|||” global_colors_info=”{}”][et_pb_row _builder_version=”4.16″ global_colors_info=”{}”][et_pb_column type=”4_4″ _builder_version=”4.16″ custom_padding=”|||” global_colors_info=”{}” custom_padding__hover=”|||”][et_pb_slider show_arrows=”off” _builder_version=”4.16″ body_font=”Khand||on||||||” body_font_size=”48px” body_line_height=”1.4em” background_color=”rgba(0,0,0,0)” custom_padding=”0px|0px|80px|0px||true” auto=”on” auto_speed=”5500″ body_font_size_tablet=”” body_font_size_phone=”24px” body_font_size_last_edited=”on|phone” locked=”off” global_colors_info=”{}”][et_pb_slide _builder_version=”4.16″ locked=”off” global_colors_info=”{}” sticky_transition=”on”]<\/p>\n<p>\u00ab Leur \u00e9quipe d'assistance technique m'a guid\u00e9 pas \u00e0 pas pour r\u00e9soudre le probl\u00e8me par t\u00e9l\u00e9phone, ce qui m'a permis d'\u00e9viter une interruption de service consid\u00e9rable. \u00bb<\/p>\n<p>[\/et_pb_slide][et_pb_slide _builder_version=”4.16″ locked=”off” global_colors_info=”{}” sticky_transition=”on”]<\/p>\n<p>\u00ab J\u2019ai rapidement obtenu des pi\u00e8ces de rechange et les conseils d\u2019entretien du manuel ont permis \u00e0 ma machine de fonctionner correctement. \u00bb<\/p>\n<p>[\/et_pb_slide][et_pb_slide _builder_version=”4.16″ locked=”off” global_colors_info=”{}” sticky_transition=”on”]<\/p>\n<p>\u00ab La proc\u00e9dure de garantie a \u00e9t\u00e9 simple et sans tracas lorsque j'ai rencontr\u00e9 un probl\u00e8me. \u00bb<\/p>\n<p>[\/et_pb_slide][\/et_pb_slider][\/et_pb_column][\/et_pb_row][\/et_pb_section]<\/p>","protected":false},"excerpt":{"rendered":"<p>Why choose Watanabe NetherlandsWhy choose Watanabe Netherlands? As a dedicated branch of Watanabe Industry and Machine Trade Ltd., we offer over 50 years of expertise in delivering versatile, high-performance machinery tailored for agriculture, construction, and forestry sectors across Europe. Our commitment to innovation and customer-centric solutions ensures reliable equipment, such as Stone Crushers for Tractor, [&hellip;]<\/p>","protected":false},"author":1,"featured_media":0,"parent":0,"menu_order":0,"comment_status":"closed","ping_status":"closed","template":"","meta":{"_et_pb_use_builder":"on","_et_pb_old_content":"","_et_gb_content_width":"","footnotes":""},"class_list":["post-146","page","type-page","status-publish","hentry"],"_links":{"self":[{"href":"https:\/\/soil-stabiliser.com\/fr\/wp-json\/wp\/v2\/pages\/146","targetHints":{"allow":["GET"]}}],"collection":[{"href":"https:\/\/soil-stabiliser.com\/fr\/wp-json\/wp\/v2\/pages"}],"about":[{"href":"https:\/\/soil-stabiliser.com\/fr\/wp-json\/wp\/v2\/types\/page"}],"author":[{"embeddable":true,"href":"https:\/\/soil-stabiliser.com\/fr\/wp-json\/wp\/v2\/users\/1"}],"replies":[{"embeddable":true,"href":"https:\/\/soil-stabiliser.com\/fr\/wp-json\/wp\/v2\/comments?post=146"}],"version-history":[{"count":9,"href":"https:\/\/soil-stabiliser.com\/fr\/wp-json\/wp\/v2\/pages\/146\/revisions"}],"predecessor-version":[{"id":176,"href":"https:\/\/soil-stabiliser.com\/fr\/wp-json\/wp\/v2\/pages\/146\/revisions\/176"}],"wp:attachment":[{"href":"https:\/\/soil-stabiliser.com\/fr\/wp-json\/wp\/v2\/media?parent=146"}],"curies":[{"name":"wp","href":"https:\/\/api.w.org\/{rel}","templated":true}]}}